{"id":30226,"date":"2025-01-28T16:06:58","date_gmt":"2025-01-28T14:06:58","guid":{"rendered":"https:\/\/fifaa.ee\/?post_type=product&#038;p=30226"},"modified":"2026-04-01T16:30:51","modified_gmt":"2026-04-01T13:30:51","slug":"korduvkasutatav-kahe-seinaga-kohvitass-300ml","status":"publish","type":"product","link":"https:\/\/fifaa.ee\/en\/product\/korduvkasutatav-kahe-seinaga-kohvitass-300ml\/","title":{"rendered":"Reusable double wall coffee cup 300ml"},"content":{"rendered":"<p>Stop single-use! Bring your own cup and join the recycling revolution so you can do your part in a world free of single-use. These lightweight and durable cups are perfect for taking your coffee on the go. The coffee cup is double-walled so it keeps your drink warmer for longer so you can enjoy it. The cups are reusable and made from 100% recyclable friendly PP material. Approved for food safety at 100 degrees Celsius. The cups have a screw-on lid to prevent the lid from falling off while drinking. Hand wash only. Capacity: 300 ml.<\/p>","protected":false},"excerpt":{"rendered":"<p>L\u00f5petage \u00fchekordne kasutamine! Tooge oma tass ja liituge taaskasutusrevolutsiooniga, et saaksite anda oma panuse \u00fchekordselt kasutatavasse vabasse maailma. Need kerged ja vastupidavad tassid sobivad suurep\u00e4raselt kohvi kaasav\u00f5tmiseks liikvele. Kohvitass on kahekordse seinaga, nii et see hoiab teie joogi kauem soojana, et saaksite nautida. Tassid on korduvkasutatavad ja valmistatud 100% taaskasutatavast s\u00f5bralikust PP materjalist. 100 kraadi [&hellip;]<\/p>\n","protected":false},"featured_media":30265,"template":"","meta":{"_acf_changed":false},"product_brand":[],"product_cat":[566,599],"product_tag":[659],"class_list":{"0":"post-30226","1":"product","2":"type-product","3":"status-publish","4":"has-post-thumbnail","6":"product_cat-jooginoud","7":"product_cat-tassid","8":"product_tag-more-colors","9":"pa_varv-must","10":"pa_varv-valge-new","12":"first","13":"instock","14":"taxable","15":"shipping-taxable","16":"purchasable","17":"product-type-variable","18":"has-default-attributes"},"acf":[],"_links":{"self":[{"href":"https:\/\/fifaa.ee\/en\/wp-json\/wp\/v2\/product\/30226","targetHints":{"allow":["GET"]}}],"collection":[{"href":"https:\/\/fifaa.ee\/en\/wp-json\/wp\/v2\/product"}],"about":[{"href":"https:\/\/fifaa.ee\/en\/wp-json\/wp\/v2\/types\/product"}],"wp:featuredmedia":[{"embeddable":true,"href":"https:\/\/fifaa.ee\/en\/wp-json\/wp\/v2\/media\/30265"}],"wp:attachment":[{"href":"https:\/\/fifaa.ee\/en\/wp-json\/wp\/v2\/media?parent=30226"}],"wp:term":[{"taxonomy":"product_brand","embeddable":true,"href":"https:\/\/fifaa.ee\/en\/wp-json\/wp\/v2\/product_brand?post=30226"},{"taxonomy":"product_cat","embeddable":true,"href":"https:\/\/fifaa.ee\/en\/wp-json\/wp\/v2\/product_cat?post=30226"},{"taxonomy":"product_tag","embeddable":true,"href":"https:\/\/fifaa.ee\/en\/wp-json\/wp\/v2\/product_tag?post=30226"}],"curies":[{"name":"wp","href":"https:\/\/api.w.org\/{rel}","templated":true}]}}