{"id":30266,"date":"2025-01-28T16:07:18","date_gmt":"2025-01-28T14:07:18","guid":{"rendered":"https:\/\/fifaa.ee\/?post_type=product&#038;p=30266"},"modified":"2026-04-01T16:31:13","modified_gmt":"2026-04-01T13:31:13","slug":"ukiyo-boorsilikaatklaas-silikoonkaane-ja-varrukaga","status":"publish","type":"product","link":"https:\/\/fifaa.ee\/en\/product\/ukiyo-boorsilikaatklaas-silikoonkaane-ja-varrukaga\/","title":{"rendered":"Ukiyo borosilicate glass with silicone lid and sleeve"},"content":{"rendered":"<p>Enjoy your coffee at work or at home in this Ukiyo borosilicate glass with silicone lid and sleeve. The cup has a nice handle and a slim shape. A small vent in the lid allows steam to escape to prevent pressure build-up. BPA free. Capacity 360ml.<\/p>","protected":false},"excerpt":{"rendered":"<p>Nautige oma kohvi t\u00f6\u00f6l v\u00f5i kodus selles Ukiyo boorsilikaatklaasis, millel on silikoonkaane ja \u00fcmbris. Tassil on kena k\u00e4epide ja \u00f5huke kuju. V\u00e4ike \u00f5hutusava kaanes laseb aurul v\u00e4lja p\u00e4\u00e4seda, et v\u00e4ltida r\u00f5hu suurenemist. BPA vaba. Mahutavus 360ml.<\/p>","protected":false},"featured_media":30277,"template":"","meta":{"_acf_changed":false},"product_brand":[],"product_cat":[566,587],"product_tag":[659],"class_list":{"0":"post-30266","1":"product","2":"type-product","3":"status-publish","4":"has-post-thumbnail","6":"product_cat-jooginoud","7":"product_cat-klaasnoud","8":"product_tag-more-colors","9":"pa_varv-hall","10":"pa_varv-pruun","12":"first","13":"instock","14":"taxable","15":"shipping-taxable","16":"purchasable","17":"product-type-variable","18":"has-default-attributes"},"acf":[],"_links":{"self":[{"href":"https:\/\/fifaa.ee\/en\/wp-json\/wp\/v2\/product\/30266","targetHints":{"allow":["GET"]}}],"collection":[{"href":"https:\/\/fifaa.ee\/en\/wp-json\/wp\/v2\/product"}],"about":[{"href":"https:\/\/fifaa.ee\/en\/wp-json\/wp\/v2\/types\/product"}],"wp:featuredmedia":[{"embeddable":true,"href":"https:\/\/fifaa.ee\/en\/wp-json\/wp\/v2\/media\/30277"}],"wp:attachment":[{"href":"https:\/\/fifaa.ee\/en\/wp-json\/wp\/v2\/media?parent=30266"}],"wp:term":[{"taxonomy":"product_brand","embeddable":true,"href":"https:\/\/fifaa.ee\/en\/wp-json\/wp\/v2\/product_brand?post=30266"},{"taxonomy":"product_cat","embeddable":true,"href":"https:\/\/fifaa.ee\/en\/wp-json\/wp\/v2\/product_cat?post=30266"},{"taxonomy":"product_tag","embeddable":true,"href":"https:\/\/fifaa.ee\/en\/wp-json\/wp\/v2\/product_tag?post=30266"}],"curies":[{"name":"wp","href":"https:\/\/api.w.org\/{rel}","templated":true}]}}