{"id":30268,"date":"2025-01-28T16:07:18","date_gmt":"2025-01-28T14:07:18","guid":{"rendered":"https:\/\/fifaa.ee\/?post_type=product&#038;p=30268"},"modified":"2026-04-01T16:31:13","modified_gmt":"2026-04-01T13:31:13","slug":"metallist-kergesti-lukustatav-vaakumkruus","status":"publish","type":"product","link":"https:\/\/fifaa.ee\/en\/product\/metallist-kergesti-lukustatav-vaakumkruus\/","title":{"rendered":"Metallic easy lock vacuum mug"},"content":{"rendered":"<p>A beautiful metallic version of this great double-walled stainless steel vacuum mug that keeps your drink hot for up to 5 hours or cold for up to 15 hours. The lid is lockable, thus avoiding the risk of leaks or spills. The lid is easy to keep clean and is dishwasher safe for optimal hygiene. The unique design of the mug allows you to drink comfortably and safely with one hand directly from the mug. The size of the mug is suitable for placing in any car cup holder. Capacity: 300 ml.<\/p>","protected":false},"excerpt":{"rendered":"<p>Ilus metallikversioon sellest suurep\u00e4rasest kahekordse seinaga roostevabast terasest vaakumkruusist, mis hoiab teie joogi soojana kuni 5 tundi v\u00f5i jahedana kuni 15 tundi. Kaas on lukustatav ja v\u00e4ldib seega lekkimis- v\u00f5i mahavalgumisohtu. Kaant on optimaalse h\u00fcgieeni tagamiseks lihtne puhtana hoida ja see on n\u00f5udepesumasinas pestav. Kruusi ainulaadne disain v\u00f5imaldab mugavalt ja turvaliselt juua \u00fche k\u00e4ega otse [&hellip;]<\/p>\n","protected":false},"featured_media":30283,"template":"","meta":{"_acf_changed":false},"product_brand":[],"product_cat":[566,599],"product_tag":[659],"class_list":{"0":"post-30268","1":"product","2":"type-product","3":"status-publish","4":"has-post-thumbnail","6":"product_cat-jooginoud","7":"product_cat-tassid","8":"product_tag-more-colors","9":"pa_varv-hall","10":"pa_varv-must","11":"pa_varv-sinine","13":"first","14":"instock","15":"taxable","16":"shipping-taxable","17":"purchasable","18":"product-type-variable","19":"has-default-attributes"},"acf":[],"_links":{"self":[{"href":"https:\/\/fifaa.ee\/en\/wp-json\/wp\/v2\/product\/30268","targetHints":{"allow":["GET"]}}],"collection":[{"href":"https:\/\/fifaa.ee\/en\/wp-json\/wp\/v2\/product"}],"about":[{"href":"https:\/\/fifaa.ee\/en\/wp-json\/wp\/v2\/types\/product"}],"wp:featuredmedia":[{"embeddable":true,"href":"https:\/\/fifaa.ee\/en\/wp-json\/wp\/v2\/media\/30283"}],"wp:attachment":[{"href":"https:\/\/fifaa.ee\/en\/wp-json\/wp\/v2\/media?parent=30268"}],"wp:term":[{"taxonomy":"product_brand","embeddable":true,"href":"https:\/\/fifaa.ee\/en\/wp-json\/wp\/v2\/product_brand?post=30268"},{"taxonomy":"product_cat","embeddable":true,"href":"https:\/\/fifaa.ee\/en\/wp-json\/wp\/v2\/product_cat?post=30268"},{"taxonomy":"product_tag","embeddable":true,"href":"https:\/\/fifaa.ee\/en\/wp-json\/wp\/v2\/product_tag?post=30268"}],"curies":[{"name":"wp","href":"https:\/\/api.w.org\/{rel}","templated":true}]}}