{"id":30318,"date":"2025-01-28T16:07:38","date_gmt":"2025-01-28T14:07:38","guid":{"rendered":"https:\/\/fifaa.ee\/?post_type=product&#038;p=30318"},"modified":"2026-04-01T16:31:56","modified_gmt":"2026-04-01T13:31:56","slug":"swiss-peak-elite-vasest-vaakumtoidunou","status":"publish","type":"product","link":"https:\/\/fifaa.ee\/en\/product\/swiss-peak-elite-vasest-vaakumtoidunou\/","title":{"rendered":"Swiss Peak Elite copper vacuum food container"},"content":{"rendered":"<p>Swiss Peak Elite series are vacuum insulated and double walled with 18\/8 grade stainless steel. Powder coated black finish is built to last! No fading or cracking here! The inner wall is copper plated for ultimate conductivity to keep drinks hot for 8 hours and cold for 24 hours. This food container will keep your food hot or cold all day long! Includes 18\/8 SS spoon. Hand wash only. Leak proof. Contents 500 ml.<\/p>","protected":false},"excerpt":{"rendered":"<p>Swiss Peak Elite seeriad on vaakum-isolatsiooni ja topeltseinaga 18\/8 klassi roostevabast terasest. Pulberv\u00e4rvitud must v\u00e4rv on ehitatud kestma! Siin pole pleekimist ega pragunemist! Sisesein on kaetud vasega \u00fclima juhtivuse tagamiseks, et hoida joogid kuumana 8 tundi ja k\u00fclmana 24 tundi. See toidun\u00f5u hoiab teie toidu kuumana v\u00f5i k\u00fclmana kogu p\u00e4eva! Kaasas on 18\/8 SS lusikas. [&hellip;]<\/p>\n","protected":false},"featured_media":30334,"template":"","meta":{"_acf_changed":false},"product_brand":[],"product_cat":[213,588],"product_tag":[],"class_list":{"0":"post-30318","1":"product","2":"type-product","3":"status-publish","4":"has-post-thumbnail","6":"product_cat-kodu","7":"product_cat-lounakarbid-ja-termosed","8":"pa_varv-must","10":"first","11":"instock","12":"taxable","13":"shipping-taxable","14":"purchasable","15":"product-type-variable","16":"has-default-attributes"},"acf":[],"_links":{"self":[{"href":"https:\/\/fifaa.ee\/en\/wp-json\/wp\/v2\/product\/30318","targetHints":{"allow":["GET"]}}],"collection":[{"href":"https:\/\/fifaa.ee\/en\/wp-json\/wp\/v2\/product"}],"about":[{"href":"https:\/\/fifaa.ee\/en\/wp-json\/wp\/v2\/types\/product"}],"wp:featuredmedia":[{"embeddable":true,"href":"https:\/\/fifaa.ee\/en\/wp-json\/wp\/v2\/media\/30334"}],"wp:attachment":[{"href":"https:\/\/fifaa.ee\/en\/wp-json\/wp\/v2\/media?parent=30318"}],"wp:term":[{"taxonomy":"product_brand","embeddable":true,"href":"https:\/\/fifaa.ee\/en\/wp-json\/wp\/v2\/product_brand?post=30318"},{"taxonomy":"product_cat","embeddable":true,"href":"https:\/\/fifaa.ee\/en\/wp-json\/wp\/v2\/product_cat?post=30318"},{"taxonomy":"product_tag","embeddable":true,"href":"https:\/\/fifaa.ee\/en\/wp-json\/wp\/v2\/product_tag?post=30318"}],"curies":[{"name":"wp","href":"https:\/\/api.w.org\/{rel}","templated":true}]}}