{"id":30319,"date":"2025-01-28T16:07:38","date_gmt":"2025-01-28T14:07:38","guid":{"rendered":"https:\/\/fifaa.ee\/?post_type=product&#038;p=30319"},"modified":"2026-04-01T16:32:22","modified_gmt":"2026-04-01T13:32:22","slug":"rcs-taaskasutatud-roostevabast-terasest-vaakumpudel-600ml","status":"publish","type":"product","link":"https:\/\/fifaa.ee\/en\/product\/rcs-taaskasutatud-roostevabast-terasest-vaakumpudel-600ml\/","title":{"rendered":"RCS Recycled stainless steel vacuum bottle 600ML"},"content":{"rendered":"<p>This RCS recycled stainless steel vacuum bottle has a secure screw-on lid with a wide opening for easy cleaning and filling. An additional PP interior ensures the bottle is leak-proof. This bottle is made from recycled stainless steel and has a double-wall construction that keeps your favorite drinks hot for up to 5 hours or cold for up to 15 hours. Made from RCS (Recycled Claim Standard) certified recycled materials. RCS certification ensures a fully certified supply chain for recycled materials. Total recycled content: 77% of the total weight of the item. BPA free. Capacity 600ml. Includes FSC\u00ae certified kraft gift box.<\/p>","protected":false},"excerpt":{"rendered":"<p>Sellel RCS taaskasutatud roostevabast terasest vaakumpudelil on turvaline keeratav kaas, millel on puhastamise ja t\u00e4itmise h\u00f5lbustamiseks lai avaus. T\u00e4iendav PP-sisustus tagab pudeli lekkekindluse. See pudel on valmistatud taaskasutatud roostevabast terasest ja sellel on topeltseinaga konstruktsioon, mis hoiab teie lemmikjoogid soojana kuni 5 tundi v\u00f5i k\u00fclmana kuni 15 tundi. Valmistatud RCS (Recycled Claim Standard) sertifitseeritud taaskasutatud [&hellip;]<\/p>\n","protected":false},"featured_media":30336,"template":"","meta":{"_acf_changed":false},"product_brand":[],"product_cat":[566,567],"product_tag":[659],"class_list":{"0":"post-30319","1":"product","2":"type-product","3":"status-publish","4":"has-post-thumbnail","6":"product_cat-jooginoud","7":"product_cat-veepudelid","8":"product_tag-more-colors","9":"pa_varv-hall","10":"pa_varv-must","11":"pa_varv-roheline","12":"pa_varv-sinine","13":"pa_varv-valge-new","15":"first","16":"instock","17":"taxable","18":"shipping-taxable","19":"purchasable","20":"product-type-variable","21":"has-default-attributes"},"acf":[],"_links":{"self":[{"href":"https:\/\/fifaa.ee\/en\/wp-json\/wp\/v2\/product\/30319","targetHints":{"allow":["GET"]}}],"collection":[{"href":"https:\/\/fifaa.ee\/en\/wp-json\/wp\/v2\/product"}],"about":[{"href":"https:\/\/fifaa.ee\/en\/wp-json\/wp\/v2\/types\/product"}],"wp:featuredmedia":[{"embeddable":true,"href":"https:\/\/fifaa.ee\/en\/wp-json\/wp\/v2\/media\/30336"}],"wp:attachment":[{"href":"https:\/\/fifaa.ee\/en\/wp-json\/wp\/v2\/media?parent=30319"}],"wp:term":[{"taxonomy":"product_brand","embeddable":true,"href":"https:\/\/fifaa.ee\/en\/wp-json\/wp\/v2\/product_brand?post=30319"},{"taxonomy":"product_cat","embeddable":true,"href":"https:\/\/fifaa.ee\/en\/wp-json\/wp\/v2\/product_cat?post=30319"},{"taxonomy":"product_tag","embeddable":true,"href":"https:\/\/fifaa.ee\/en\/wp-json\/wp\/v2\/product_tag?post=30319"}],"curies":[{"name":"wp","href":"https:\/\/api.w.org\/{rel}","templated":true}]}}