{"id":30364,"date":"2025-01-28T16:08:09","date_gmt":"2025-01-28T14:08:09","guid":{"rendered":"https:\/\/fifaa.ee\/?post_type=product&#038;p=30364"},"modified":"2026-04-01T16:33:14","modified_gmt":"2026-04-01T13:33:14","slug":"rcs-taaskasutatud-roostevabast-terasest-trummel","status":"publish","type":"product","link":"https:\/\/fifaa.ee\/en\/product\/rcs-taaskasutatud-roostevabast-terasest-trummel\/","title":{"rendered":"RCS recycled stainless steel tumbler"},"content":{"rendered":"<p>This beautiful glass has a recycled stainless steel construction with vacuum insulation that keeps drinks hot for up to 3 hours or cold for up to 6 hours. Its trendy design with a stainless steel base makes it a real eye-catcher. The lid with slide-open function ensures a smooth drinking experience. Made from RCS (Recycled Claim Standard) certified recycled materials. RCS certification ensures a fully certified supply chain of recycled materials. Total recycled content: 76% of the total weight of the item. BPA free. Capacity 360ml. FSC\u00ae-certified kraft packaging included.<\/p>","protected":false},"excerpt":{"rendered":"<p>Sellel kaunil klaasil on taaskasutatud roostevabast terasest konstruktsioon vaakumiisolatsiooniga, mis hoiab joogid soojana kuni 3 tundi v\u00f5i k\u00fclmana kuni 6 tundi. Selle trendikas teostus koos roostevabast terasest p\u00f5hjaosaga muudab selle t\u00f5eliseks pilkup\u00fc\u00fcdjaks. Slaidiavamise funktsiooniga kaas tagab sujuva joogikogemuse. Valmistatud RCS (Recycled Claim Standard) sertifitseeritud taaskasutatud materjalidest. RCS-sertifikaat tagab taaskasutatud materjalide t\u00e4ielikult sertifitseeritud tarneahela. Taaskasutatud kogusisaldus: [&hellip;]<\/p>\n","protected":false},"featured_media":30375,"template":"","meta":{"_acf_changed":false},"product_brand":[],"product_cat":[566,599],"product_tag":[659],"class_list":{"0":"post-30364","1":"product","2":"type-product","3":"status-publish","4":"has-post-thumbnail","6":"product_cat-jooginoud","7":"product_cat-tassid","8":"product_tag-more-colors","9":"pa_varv-hall","10":"pa_varv-must","11":"pa_varv-roheline","12":"pa_varv-sinine","13":"pa_varv-valge-new","15":"first","16":"instock","17":"taxable","18":"shipping-taxable","19":"purchasable","20":"product-type-variable","21":"has-default-attributes"},"acf":[],"_links":{"self":[{"href":"https:\/\/fifaa.ee\/en\/wp-json\/wp\/v2\/product\/30364","targetHints":{"allow":["GET"]}}],"collection":[{"href":"https:\/\/fifaa.ee\/en\/wp-json\/wp\/v2\/product"}],"about":[{"href":"https:\/\/fifaa.ee\/en\/wp-json\/wp\/v2\/types\/product"}],"wp:featuredmedia":[{"embeddable":true,"href":"https:\/\/fifaa.ee\/en\/wp-json\/wp\/v2\/media\/30375"}],"wp:attachment":[{"href":"https:\/\/fifaa.ee\/en\/wp-json\/wp\/v2\/media?parent=30364"}],"wp:term":[{"taxonomy":"product_brand","embeddable":true,"href":"https:\/\/fifaa.ee\/en\/wp-json\/wp\/v2\/product_brand?post=30364"},{"taxonomy":"product_cat","embeddable":true,"href":"https:\/\/fifaa.ee\/en\/wp-json\/wp\/v2\/product_cat?post=30364"},{"taxonomy":"product_tag","embeddable":true,"href":"https:\/\/fifaa.ee\/en\/wp-json\/wp\/v2\/product_tag?post=30364"}],"curies":[{"name":"wp","href":"https:\/\/api.w.org\/{rel}","templated":true}]}}