{"id":30417,"date":"2025-01-28T16:08:31","date_gmt":"2025-01-28T14:08:31","guid":{"rendered":"https:\/\/fifaa.ee\/?post_type=product&#038;p=30417"},"modified":"2026-04-01T16:34:45","modified_gmt":"2026-04-01T13:34:45","slug":"rcs-rpet-pudel-bambusest-kaane-ja-kaepidemega","status":"publish","type":"product","link":"https:\/\/fifaa.ee\/en\/product\/rcs-rpet-pudel-bambusest-kaane-ja-kaepidemega\/","title":{"rendered":"RCS RPET bottle with bamboo lid and handle"},"content":{"rendered":"<p>This RPET water bottle is single-walled and features a stylish FSC-certified bamboo lid. It also has a handle for easy carrying. The bottle body is made from 100% RCS-certified RPET. RCS certification ensures a fully certified supply chain of recycled materials. Hand wash only. This product is for cold drinks only. Total recycled content: 56% of the total weight of the item. BPA free. Capacity 680ml. FSC\u00ae-certified kraft packaging included.<\/p>","protected":false},"excerpt":{"rendered":"<p>See RPET veepudel on \u00fche seinaga ja sellel on stiilne FSC-sertifikaadiga bambusest kaas. Sellel on ka k\u00e4epide, mis h\u00f5lbustab kaasaskandmist. Pudeli korpus on valmistatud 100% RCS sertifikaadiga RPET-st. RCS-sertifikaat tagab taaskasutatud materjalide t\u00e4ielikult sertifitseeritud tarneahela. Ainult k\u00e4sipesu. See toode on m\u00f5eldud ainult k\u00fclmade jookide jaoks. Taaskasutatud kogusisaldus: 56% eseme kogukaalust. BPA vaba. Mahutavus 680ml. Kaasa [&hellip;]<\/p>\n","protected":false},"featured_media":30436,"template":"","meta":{"_acf_changed":false},"product_brand":[],"product_cat":[566,567],"product_tag":[659],"class_list":{"0":"post-30417","1":"product","2":"type-product","3":"status-publish","4":"has-post-thumbnail","6":"product_cat-jooginoud","7":"product_cat-veepudelid","8":"product_tag-more-colors","9":"pa_varv-must","10":"pa_varv-sinine","12":"first","13":"instock","14":"taxable","15":"shipping-taxable","16":"purchasable","17":"product-type-variable","18":"has-default-attributes"},"acf":[],"_links":{"self":[{"href":"https:\/\/fifaa.ee\/en\/wp-json\/wp\/v2\/product\/30417","targetHints":{"allow":["GET"]}}],"collection":[{"href":"https:\/\/fifaa.ee\/en\/wp-json\/wp\/v2\/product"}],"about":[{"href":"https:\/\/fifaa.ee\/en\/wp-json\/wp\/v2\/types\/product"}],"wp:featuredmedia":[{"embeddable":true,"href":"https:\/\/fifaa.ee\/en\/wp-json\/wp\/v2\/media\/30436"}],"wp:attachment":[{"href":"https:\/\/fifaa.ee\/en\/wp-json\/wp\/v2\/media?parent=30417"}],"wp:term":[{"taxonomy":"product_brand","embeddable":true,"href":"https:\/\/fifaa.ee\/en\/wp-json\/wp\/v2\/product_brand?post=30417"},{"taxonomy":"product_cat","embeddable":true,"href":"https:\/\/fifaa.ee\/en\/wp-json\/wp\/v2\/product_cat?post=30417"},{"taxonomy":"product_tag","embeddable":true,"href":"https:\/\/fifaa.ee\/en\/wp-json\/wp\/v2\/product_tag?post=30417"}],"curies":[{"name":"wp","href":"https:\/\/api.w.org\/{rel}","templated":true}]}}