{"id":30472,"date":"2025-01-28T16:08:53","date_gmt":"2025-01-28T14:08:53","guid":{"rendered":"https:\/\/fifaa.ee\/?post_type=product&#038;p=30472"},"modified":"2026-04-01T16:36:36","modified_gmt":"2026-04-01T13:36:36","slug":"lihtsalt-lukustatav-vaakumkolb","status":"publish","type":"product","link":"https:\/\/fifaa.ee\/en\/product\/lihtsalt-lukustatav-vaakumkolb\/","title":{"rendered":"Easy lock vacuum flask"},"content":{"rendered":"<p>Double-walled stainless steel vacuum flask that keeps your drink hot for up to 5 hours or cold for up to 15 hours. The lid is lockable, preventing any risk of leaks or spills. The lid is easy to keep clean for optimal hygiene and is even dishwasher safe. The unique design of the flask allows you to drink comfortably and safely with one hand directly from the flask. The size of the flask is suitable for placing in any car cup holder. Capacity: 450 ml.<\/p>","protected":false},"excerpt":{"rendered":"<p>Kahe seinaga roostevabast terasest vaakumkolb, mis hoiab teie joogi soojana kuni 5 tundi v\u00f5i jahedana kuni 15 tundi. Kaas on lukustatav ja v\u00e4ldib seega lekkimis- v\u00f5i mahavalgumisohtu. Kaant on optimaalse h\u00fcgieeni tagamiseks lihtne puhtana hoida ja seda saab isegi n\u00f5udepesumasinas pesta. Kolvi ainulaadne disain v\u00f5imaldab mugavalt ja ohutult juua \u00fche k\u00e4ega otse kolvist. Kolbi suurus [&hellip;]<\/p>\n","protected":false},"featured_media":30506,"template":"","meta":{"_acf_changed":false},"product_brand":[],"product_cat":[566,629],"product_tag":[659],"class_list":{"0":"post-30472","1":"product","2":"type-product","3":"status-publish","4":"has-post-thumbnail","6":"product_cat-jooginoud","7":"product_cat-termoskruusid","8":"product_tag-more-colors","9":"pa_varv-punane","11":"first","12":"instock","13":"taxable","14":"shipping-taxable","15":"purchasable","16":"product-type-variable","17":"has-default-attributes"},"acf":[],"_links":{"self":[{"href":"https:\/\/fifaa.ee\/en\/wp-json\/wp\/v2\/product\/30472","targetHints":{"allow":["GET"]}}],"collection":[{"href":"https:\/\/fifaa.ee\/en\/wp-json\/wp\/v2\/product"}],"about":[{"href":"https:\/\/fifaa.ee\/en\/wp-json\/wp\/v2\/types\/product"}],"wp:featuredmedia":[{"embeddable":true,"href":"https:\/\/fifaa.ee\/en\/wp-json\/wp\/v2\/media\/30506"}],"wp:attachment":[{"href":"https:\/\/fifaa.ee\/en\/wp-json\/wp\/v2\/media?parent=30472"}],"wp:term":[{"taxonomy":"product_brand","embeddable":true,"href":"https:\/\/fifaa.ee\/en\/wp-json\/wp\/v2\/product_brand?post=30472"},{"taxonomy":"product_cat","embeddable":true,"href":"https:\/\/fifaa.ee\/en\/wp-json\/wp\/v2\/product_cat?post=30472"},{"taxonomy":"product_tag","embeddable":true,"href":"https:\/\/fifaa.ee\/en\/wp-json\/wp\/v2\/product_tag?post=30472"}],"curies":[{"name":"wp","href":"https:\/\/api.w.org\/{rel}","templated":true}]}}