{"id":30515,"date":"2025-01-28T16:09:18","date_gmt":"2025-01-28T14:09:18","guid":{"rendered":"https:\/\/fifaa.ee\/?post_type=product&#038;p=30515"},"modified":"2026-04-01T16:37:50","modified_gmt":"2026-04-01T13:37:50","slug":"kaasaegne-keraamiline-kohvikruus-300ml","status":"publish","type":"product","link":"https:\/\/fifaa.ee\/en\/product\/kaasaegne-keraamiline-kohvikruus-300ml\/","title":{"rendered":"Ceramic modern coffee mug 300ml"},"content":{"rendered":"<p>This ceramic mug looks great on any table. The mug has a glossy interior finish and a matte exterior finish. The mug is dishwasher safe and tested according to EN12875-1 (minimum 125 wash cycles for all decoration methods). Packaged in a gift box. Capacity 300ml.<\/p>","protected":false},"excerpt":{"rendered":"<p>See keraamiline kruus n\u00e4eb hea v\u00e4lja igal laual. Kruusil on l\u00e4ikiv siseviimistlus ja matt v\u00e4lisviimistlus. Kruus on n\u00f5udepesumasinas pestav ja testitud vastavalt standardile EN12875-1 (v\u00e4hemalt 125 pesuts\u00fcklit k\u00f5igi kaunistamismeetodite jaoks). Pakitud kinkekarpi. Mahutavus 300ml.<\/p>","protected":false},"featured_media":30555,"template":"","meta":{"_acf_changed":false},"product_brand":[],"product_cat":[566,599],"product_tag":[659],"class_list":{"0":"post-30515","1":"product","2":"type-product","3":"status-publish","4":"has-post-thumbnail","6":"product_cat-jooginoud","7":"product_cat-tassid","8":"product_tag-more-colors","9":"pa_varv-hall","10":"pa_varv-must","11":"pa_varv-punane","12":"pa_varv-sinine","13":"pa_varv-valge-new","15":"first","16":"instock","17":"taxable","18":"shipping-taxable","19":"purchasable","20":"product-type-variable","21":"has-default-attributes"},"acf":[],"_links":{"self":[{"href":"https:\/\/fifaa.ee\/en\/wp-json\/wp\/v2\/product\/30515","targetHints":{"allow":["GET"]}}],"collection":[{"href":"https:\/\/fifaa.ee\/en\/wp-json\/wp\/v2\/product"}],"about":[{"href":"https:\/\/fifaa.ee\/en\/wp-json\/wp\/v2\/types\/product"}],"wp:featuredmedia":[{"embeddable":true,"href":"https:\/\/fifaa.ee\/en\/wp-json\/wp\/v2\/media\/30555"}],"wp:attachment":[{"href":"https:\/\/fifaa.ee\/en\/wp-json\/wp\/v2\/media?parent=30515"}],"wp:term":[{"taxonomy":"product_brand","embeddable":true,"href":"https:\/\/fifaa.ee\/en\/wp-json\/wp\/v2\/product_brand?post=30515"},{"taxonomy":"product_cat","embeddable":true,"href":"https:\/\/fifaa.ee\/en\/wp-json\/wp\/v2\/product_cat?post=30515"},{"taxonomy":"product_tag","embeddable":true,"href":"https:\/\/fifaa.ee\/en\/wp-json\/wp\/v2\/product_tag?post=30515"}],"curies":[{"name":"wp","href":"https:\/\/api.w.org\/{rel}","templated":true}]}}