{"id":30605,"date":"2025-01-28T16:09:59","date_gmt":"2025-01-28T14:09:59","guid":{"rendered":"https:\/\/fifaa.ee\/?post_type=product&#038;p=30605"},"modified":"2026-04-01T16:39:40","modified_gmt":"2026-04-01T13:39:40","slug":"cuppa-rcs-terasest-vaakumkumm-koos-kaelapaelaga","status":"publish","type":"product","link":"https:\/\/fifaa.ee\/en\/product\/cuppa-rcs-terasest-vaakumkumm-koos-kaelapaelaga\/","title":{"rendered":"Cuppa RCS re-steel vacuum tumbler with lanyard"},"content":{"rendered":"<p>Cuppa is designed to fit perfectly in your hand. Made from RCS-certified recycled stainless steel and a leak-proof flip lid. Designed for sipping hot or cold beverages indoors or outdoors. Includes a handy lanyard to take Cuppa on the go. Made from RCS (Recycled Claim Standard) certified recycled materials. RCS certification ensures a fully certified supply chain for recycled materials. Total recycled content: 74% of the total weight of the item. Capacity 380ml.<\/p>","protected":false},"excerpt":{"rendered":"<p>Cuppa on loodud nii, et see sobiks ideaalselt teie k\u00e4ega. Valmistatud RCS-sertifikaadiga taaskasutatud roostevabast terasest ja lekkekindel klappkaan. Loodud kuuma v\u00f5i k\u00fclma joogi r\u00fc\u00fcpamiseks nii sees kui ka v\u00e4ljas. Sisaldab k\u00e4ep\u00e4rast kaelapaela, millega Cuppa liikvel olles kaasa v\u00f5tta. Valmistatud RCS (Recycled Claim Standard) sertifitseeritud taaskasutatud materjalidest. RCS-sertifikaat tagab taaskasutatud materjalide t\u00e4ielikult sertifitseeritud tarneahela. Taaskasutatud kogusisaldus: [&hellip;]<\/p>\n","protected":false},"featured_media":30628,"template":"","meta":{"_acf_changed":false},"product_brand":[],"product_cat":[566,599],"product_tag":[659],"class_list":{"0":"post-30605","1":"product","2":"type-product","3":"status-publish","4":"has-post-thumbnail","6":"product_cat-jooginoud","7":"product_cat-tassid","8":"product_tag-more-colors","9":"pa_varv-must","10":"pa_varv-sinine","11":"pa_varv-valge-new","13":"first","14":"instock","15":"taxable","16":"shipping-taxable","17":"purchasable","18":"product-type-variable","19":"has-default-attributes"},"acf":[],"_links":{"self":[{"href":"https:\/\/fifaa.ee\/en\/wp-json\/wp\/v2\/product\/30605","targetHints":{"allow":["GET"]}}],"collection":[{"href":"https:\/\/fifaa.ee\/en\/wp-json\/wp\/v2\/product"}],"about":[{"href":"https:\/\/fifaa.ee\/en\/wp-json\/wp\/v2\/types\/product"}],"wp:featuredmedia":[{"embeddable":true,"href":"https:\/\/fifaa.ee\/en\/wp-json\/wp\/v2\/media\/30628"}],"wp:attachment":[{"href":"https:\/\/fifaa.ee\/en\/wp-json\/wp\/v2\/media?parent=30605"}],"wp:term":[{"taxonomy":"product_brand","embeddable":true,"href":"https:\/\/fifaa.ee\/en\/wp-json\/wp\/v2\/product_brand?post=30605"},{"taxonomy":"product_cat","embeddable":true,"href":"https:\/\/fifaa.ee\/en\/wp-json\/wp\/v2\/product_cat?post=30605"},{"taxonomy":"product_tag","embeddable":true,"href":"https:\/\/fifaa.ee\/en\/wp-json\/wp\/v2\/product_tag?post=30605"}],"curies":[{"name":"wp","href":"https:\/\/api.w.org\/{rel}","templated":true}]}}