{"id":30608,"date":"2025-01-28T16:09:59","date_gmt":"2025-01-28T14:09:59","guid":{"rendered":"https:\/\/fifaa.ee\/?post_type=product&#038;p=30608"},"modified":"2026-04-01T16:40:47","modified_gmt":"2026-04-01T13:40:47","slug":"rcs-taaskasutatud-roostevabast-terasest-kergesti-lukustatav-vaakumkruus","status":"publish","type":"product","link":"https:\/\/fifaa.ee\/en\/product\/rcs-taaskasutatud-roostevabast-terasest-kergesti-lukustatav-vaakumkruus\/","title":{"rendered":"RCS Recycled stainless steel easy lock vacuum mug"},"content":{"rendered":"<p>This great double-walled stainless steel vacuum mug keeps your drink hot for up to 5 hours or cold for up to 15 hours. The lid is lockable, preventing any risk of leaks or spills. The lid is easy to keep clean and dishwasher safe for optimal hygiene. The unique design of the mug allows you to drink comfortably and safely from the mug with one hand. The mug is sized to fit in any car cup holder. Made from RCS (Recycled Claim Standard) certified recycled materials. RCS certification ensures a fully certified supply chain for recycled materials. Total recycled content: 71% of the total weight of the item. BPA free. Capacity 300ml. FSC\u00ae-certified kraft packaging included.<\/p>","protected":false},"excerpt":{"rendered":"<p>See suurep\u00e4rane kahe seinaga roostevabast terasest vaakumkruus hoiab teie joogi soojana kuni 5 tundi v\u00f5i jahedana kuni 15 tundi. Kaas on lukustatav ja v\u00e4ldib seega lekkimis- v\u00f5i mahavalgumisohtu. Kaant on optimaalse h\u00fcgieeni tagamiseks lihtne puhtana hoida ja see on n\u00f5udepesumasinas pestav. Kruusi ainulaadne disain v\u00f5imaldab mugavalt ja turvaliselt juua \u00fche k\u00e4ega otse kruusist. Kruusi suurus [&hellip;]<\/p>\n","protected":false},"featured_media":30657,"template":"","meta":{"_acf_changed":false},"product_brand":[],"product_cat":[566,599],"product_tag":[659],"class_list":{"0":"post-30608","1":"product","2":"type-product","3":"status-publish","4":"has-post-thumbnail","6":"product_cat-jooginoud","7":"product_cat-tassid","8":"product_tag-more-colors","9":"pa_varv-must","10":"pa_varv-punane","11":"pa_varv-sinine","12":"pa_varv-valge-new","14":"first","15":"instock","16":"taxable","17":"shipping-taxable","18":"purchasable","19":"product-type-variable","20":"has-default-attributes"},"acf":[],"_links":{"self":[{"href":"https:\/\/fifaa.ee\/en\/wp-json\/wp\/v2\/product\/30608","targetHints":{"allow":["GET"]}}],"collection":[{"href":"https:\/\/fifaa.ee\/en\/wp-json\/wp\/v2\/product"}],"about":[{"href":"https:\/\/fifaa.ee\/en\/wp-json\/wp\/v2\/types\/product"}],"wp:featuredmedia":[{"embeddable":true,"href":"https:\/\/fifaa.ee\/en\/wp-json\/wp\/v2\/media\/30657"}],"wp:attachment":[{"href":"https:\/\/fifaa.ee\/en\/wp-json\/wp\/v2\/media?parent=30608"}],"wp:term":[{"taxonomy":"product_brand","embeddable":true,"href":"https:\/\/fifaa.ee\/en\/wp-json\/wp\/v2\/product_brand?post=30608"},{"taxonomy":"product_cat","embeddable":true,"href":"https:\/\/fifaa.ee\/en\/wp-json\/wp\/v2\/product_cat?post=30608"},{"taxonomy":"product_tag","embeddable":true,"href":"https:\/\/fifaa.ee\/en\/wp-json\/wp\/v2\/product_tag?post=30608"}],"curies":[{"name":"wp","href":"https:\/\/api.w.org\/{rel}","templated":true}]}}