{"id":30651,"date":"2025-01-28T16:10:25","date_gmt":"2025-01-28T14:10:25","guid":{"rendered":"https:\/\/fifaa.ee\/?post_type=product&#038;p=30651"},"modified":"2026-04-01T16:41:09","modified_gmt":"2026-04-01T13:41:09","slug":"brew-rcs-sertifikaadiga-taaskasutatud-roostevabast-terasest-vaakumkumm","status":"publish","type":"product","link":"https:\/\/fifaa.ee\/en\/product\/brew-rcs-sertifikaadiga-taaskasutatud-roostevabast-terasest-vaakumkumm\/","title":{"rendered":"Brew RCS certified recycled stainless steel vacuum tumbler"},"content":{"rendered":"<p>Brew RCS Certified Recycled Stainless Steel Vacuum Flask is ready for your morning brew, keeping drinks cold or hot for hours. This insulated tumbler is incredibly comfortable to hold and easy to fill. The screw-on lid ensures the tumbler is 100% leak-proof. Made from RCS (Recycled Claim Standard) certified recycled materials. RCS certification ensures a fully certified supply chain of recycled materials. Total recycled content: 81% of the total weight of the item. BPA free. Capacity 360ml. FSC\u00ae certified kraft packaging included. Registered design\u00ae.<\/p>","protected":false},"excerpt":{"rendered":"<p>Brew RCS-i sertifikaadiga taaskasutatud roostevabast terasest vaakumkumm on valmis hommikuseks pruulimiseks, hoides jooke tundideks k\u00fclma v\u00f5i soojana. Seda isoleeritud trumlit on uskumatult mugav k\u00e4es hoida ja seda on lihtne t\u00e4ita. Kruviga kaas tagab, et trummel on 100% lekkekindel. Valmistatud RCS (Recycled Claim Standard) sertifitseeritud taaskasutatud materjalidest. RCS-sertifikaat tagab taaskasutatud materjalide t\u00e4ielikult sertifitseeritud tarneahela. Taaskasutatud kogusisaldus: [&hellip;]<\/p>\n","protected":false},"featured_media":30675,"template":"","meta":{"_acf_changed":false},"product_brand":[],"product_cat":[566,599],"product_tag":[659],"class_list":{"0":"post-30651","1":"product","2":"type-product","3":"status-publish","4":"has-post-thumbnail","6":"product_cat-jooginoud","7":"product_cat-tassid","8":"product_tag-more-colors","9":"pa_varv-must","10":"pa_varv-sinine","11":"pa_varv-valge-new","13":"first","14":"instock","15":"taxable","16":"shipping-taxable","17":"purchasable","18":"product-type-variable","19":"has-default-attributes"},"acf":[],"_links":{"self":[{"href":"https:\/\/fifaa.ee\/en\/wp-json\/wp\/v2\/product\/30651","targetHints":{"allow":["GET"]}}],"collection":[{"href":"https:\/\/fifaa.ee\/en\/wp-json\/wp\/v2\/product"}],"about":[{"href":"https:\/\/fifaa.ee\/en\/wp-json\/wp\/v2\/types\/product"}],"wp:featuredmedia":[{"embeddable":true,"href":"https:\/\/fifaa.ee\/en\/wp-json\/wp\/v2\/media\/30675"}],"wp:attachment":[{"href":"https:\/\/fifaa.ee\/en\/wp-json\/wp\/v2\/media?parent=30651"}],"wp:term":[{"taxonomy":"product_brand","embeddable":true,"href":"https:\/\/fifaa.ee\/en\/wp-json\/wp\/v2\/product_brand?post=30651"},{"taxonomy":"product_cat","embeddable":true,"href":"https:\/\/fifaa.ee\/en\/wp-json\/wp\/v2\/product_cat?post=30651"},{"taxonomy":"product_tag","embeddable":true,"href":"https:\/\/fifaa.ee\/en\/wp-json\/wp\/v2\/product_tag?post=30651"}],"curies":[{"name":"wp","href":"https:\/\/api.w.org\/{rel}","templated":true}]}}