{"id":30654,"date":"2025-01-28T16:10:25","date_gmt":"2025-01-28T14:10:25","guid":{"rendered":"https:\/\/fifaa.ee\/?post_type=product&#038;p=30654"},"modified":"2026-04-01T16:42:20","modified_gmt":"2026-04-01T13:42:20","slug":"rcs-re-terasest-kergesti-lukustatav-vaakumkolb","status":"publish","type":"product","link":"https:\/\/fifaa.ee\/en\/product\/rcs-re-terasest-kergesti-lukustatav-vaakumkolb\/","title":{"rendered":"RCS Re-steel easy lock vacuum flask"},"content":{"rendered":"<p>This excellent double-walled stainless steel vacuum flask keeps your drink hot for up to 5 hours or cold for up to 15 hours. The lid is lockable, preventing any risk of leaks or spills. The lid is easy to keep clean and dishwasher safe for optimal hygiene. The unique design of the flask allows you to drink comfortably and safely from the flask with one hand. The flask is sized to fit into any car cup holder. Made from RCS (Recycled Claim Standard) certified recycled materials. RCS certification ensures a fully certified supply chain for recycled materials. Total recycled content: 76% of the total weight of the item. BPA free. Capacity 450 ml. FSC\u00ae-certified kraft packaging included.<\/p>","protected":false},"excerpt":{"rendered":"<p>See suurep\u00e4rane kahekordse seinaga roostevabast terasest vaakumkolb hoiab teie joogi soojana kuni 5 tundi v\u00f5i jahedana kuni 15 tundi. Kaas on lukustatav ja v\u00e4ldib seega lekkimis- v\u00f5i mahavalgumisohtu. Kaant on optimaalse h\u00fcgieeni tagamiseks lihtne puhtana hoida ja see on n\u00f5udepesumasinas pestav. Kolvi ainulaadne disain v\u00f5imaldab mugavalt ja ohutult juua \u00fche k\u00e4ega otse kolvist. Kolbi suurus [&hellip;]<\/p>\n","protected":false},"featured_media":30703,"template":"","meta":{"_acf_changed":false},"product_brand":[],"product_cat":[566,629],"product_tag":[659],"class_list":{"0":"post-30654","1":"product","2":"type-product","3":"status-publish","4":"has-post-thumbnail","6":"product_cat-jooginoud","7":"product_cat-termoskruusid","8":"product_tag-more-colors","9":"pa_varv-must","10":"pa_varv-punane","11":"pa_varv-sinine","12":"pa_varv-valge-new","14":"first","15":"instock","16":"taxable","17":"shipping-taxable","18":"purchasable","19":"product-type-variable","20":"has-default-attributes"},"acf":[],"_links":{"self":[{"href":"https:\/\/fifaa.ee\/en\/wp-json\/wp\/v2\/product\/30654","targetHints":{"allow":["GET"]}}],"collection":[{"href":"https:\/\/fifaa.ee\/en\/wp-json\/wp\/v2\/product"}],"about":[{"href":"https:\/\/fifaa.ee\/en\/wp-json\/wp\/v2\/types\/product"}],"wp:featuredmedia":[{"embeddable":true,"href":"https:\/\/fifaa.ee\/en\/wp-json\/wp\/v2\/media\/30703"}],"wp:attachment":[{"href":"https:\/\/fifaa.ee\/en\/wp-json\/wp\/v2\/media?parent=30654"}],"wp:term":[{"taxonomy":"product_brand","embeddable":true,"href":"https:\/\/fifaa.ee\/en\/wp-json\/wp\/v2\/product_brand?post=30654"},{"taxonomy":"product_cat","embeddable":true,"href":"https:\/\/fifaa.ee\/en\/wp-json\/wp\/v2\/product_cat?post=30654"},{"taxonomy":"product_tag","embeddable":true,"href":"https:\/\/fifaa.ee\/en\/wp-json\/wp\/v2\/product_tag?post=30654"}],"curies":[{"name":"wp","href":"https:\/\/api.w.org\/{rel}","templated":true}]}}