{"id":30697,"date":"2025-01-28T16:10:46","date_gmt":"2025-01-28T14:10:46","guid":{"rendered":"https:\/\/fifaa.ee\/?post_type=product&#038;p=30697"},"modified":"2026-04-01T16:42:20","modified_gmt":"2026-04-01T13:42:20","slug":"rcs-taaskasutatud-roostevabast-terasest-suur-vaakumpudel-15l","status":"publish","type":"product","link":"https:\/\/fifaa.ee\/en\/product\/rcs-taaskasutatud-roostevabast-terasest-suur-vaakumpudel-15l\/","title":{"rendered":"RCS Recycled stainless steel large vacuum bottle 1.5L"},"content":{"rendered":"<p>Take your favourite drinks with you wherever you go in this large double-walled stainless steel bottle. With a large 1.5 litre capacity, you&#039;re sure to have plenty to drink and the bottle will keep your drinks hot for up to 5 hours or cold for up to 15 hours. The bottle has a beautiful powder-coated finish and a comfortable handle for easy carrying. Made from RCS (Recycled Claim Standard) certified recycled materials. RCS certification ensures a fully certified supply chain for recycled materials. Total recycled content: 88% of the total weight of the item. Capacity 1500ml. BPA free. FSC\u00ae-certified kraft packaging included.<\/p>","protected":false},"excerpt":{"rendered":"<p>Selles suures kahekordse seinaga roostevabast terasest pudelis saate oma lemmikjoogid k\u00f5ikjale kaasa v\u00f5tta. T\u00e4nu suurele 1,5-liitrisele mahutavusele on teil kindlasti palju jooki ja pudel hoiab teie joogid kuumana kuni 5 tundi v\u00f5i k\u00fclmana kuni 15 tundi. Pudelil on kaunis pulberv\u00e4rvitud viimistlus ja mugav k\u00e4epide, mis h\u00f5lbustab kaasaskandmist. Valmistatud RCS (Recycled Claim Standard) sertifitseeritud taaskasutatud materjalidest. [&hellip;]<\/p>\n","protected":false},"featured_media":30713,"template":"","meta":{"_acf_changed":false},"product_brand":[],"product_cat":[566,629],"product_tag":[659],"class_list":{"0":"post-30697","1":"product","2":"type-product","3":"status-publish","4":"has-post-thumbnail","6":"product_cat-jooginoud","7":"product_cat-termoskruusid","8":"product_tag-more-colors","9":"pa_varv-must","10":"pa_varv-valge-new","12":"first","13":"instock","14":"taxable","15":"shipping-taxable","16":"purchasable","17":"product-type-variable","18":"has-default-attributes"},"acf":[],"_links":{"self":[{"href":"https:\/\/fifaa.ee\/en\/wp-json\/wp\/v2\/product\/30697","targetHints":{"allow":["GET"]}}],"collection":[{"href":"https:\/\/fifaa.ee\/en\/wp-json\/wp\/v2\/product"}],"about":[{"href":"https:\/\/fifaa.ee\/en\/wp-json\/wp\/v2\/types\/product"}],"wp:featuredmedia":[{"embeddable":true,"href":"https:\/\/fifaa.ee\/en\/wp-json\/wp\/v2\/media\/30713"}],"wp:attachment":[{"href":"https:\/\/fifaa.ee\/en\/wp-json\/wp\/v2\/media?parent=30697"}],"wp:term":[{"taxonomy":"product_brand","embeddable":true,"href":"https:\/\/fifaa.ee\/en\/wp-json\/wp\/v2\/product_brand?post=30697"},{"taxonomy":"product_cat","embeddable":true,"href":"https:\/\/fifaa.ee\/en\/wp-json\/wp\/v2\/product_cat?post=30697"},{"taxonomy":"product_tag","embeddable":true,"href":"https:\/\/fifaa.ee\/en\/wp-json\/wp\/v2\/product_tag?post=30697"}],"curies":[{"name":"wp","href":"https:\/\/api.w.org\/{rel}","templated":true}]}}