{"id":30699,"date":"2025-01-28T16:10:46","date_gmt":"2025-01-28T14:10:46","guid":{"rendered":"https:\/\/fifaa.ee\/?post_type=product&#038;p=30699"},"modified":"2026-04-01T16:42:43","modified_gmt":"2026-04-01T13:42:43","slug":"puidust-rcs-sertifikaadiga-taaskasutatud-roostevabast-terasest-vaakumpudel","status":"publish","type":"product","link":"https:\/\/fifaa.ee\/en\/product\/puidust-rcs-sertifikaadiga-taaskasutatud-roostevabast-terasest-vaakumpudel\/","title":{"rendered":"Wood RCS certified recycled stainless steel vacuum bottle"},"content":{"rendered":"<p>Perfect for all-day hydration, the Wood RCS stainless steel double-wall vacuum bottle will keep you fresh all day long. Made from durable recycled stainless steel with an acacia wood lid. Keeps your drink hot for up to 5 hours or cold for up to 15 hours. Made from RCS (Recycled Claim Standard) certified recycled materials. RCS certification ensures a fully certified supply chain for recycled materials. Total recycled content: 88% of the total weight of the item. BPA free. Capacity 500ml. Kraft packaging included.<\/p>","protected":false},"excerpt":{"rendered":"<p>Roostevabast terasest topeltseinaga vaakumpudel Wood RCS, mis sobib suurep\u00e4raselt kogu p\u00e4evaks niisutuseks, hoiab teid terve p\u00e4eva v\u00e4rskena. Valmistatud vastupidavast taaskasutatud roostevabast terasest akaatsiapuidust kaanega. Hoiab teie joogi soojana kuni 5 tundi v\u00f5i k\u00fclmana kuni 15 tundi. Valmistatud RCS (Recycled Claim Standard) sertifitseeritud taaskasutatud materjalidest. RCS-sertifikaat tagab taaskasutatud materjalide t\u00e4ielikult sertifitseeritud tarneahela. Taaskasutatud kogusisaldus: 88% eseme [&hellip;]<\/p>\n","protected":false},"featured_media":30725,"template":"","meta":{"_acf_changed":false},"product_brand":[],"product_cat":[566,567],"product_tag":[659],"class_list":{"0":"post-30699","1":"product","2":"type-product","3":"status-publish","4":"has-post-thumbnail","6":"product_cat-jooginoud","7":"product_cat-veepudelid","8":"product_tag-more-colors","9":"pa_varv-hall","10":"pa_varv-must","11":"pa_varv-roheline","12":"pa_varv-valge-new","14":"first","15":"instock","16":"taxable","17":"shipping-taxable","18":"purchasable","19":"product-type-variable","20":"has-default-attributes"},"acf":[],"_links":{"self":[{"href":"https:\/\/fifaa.ee\/en\/wp-json\/wp\/v2\/product\/30699","targetHints":{"allow":["GET"]}}],"collection":[{"href":"https:\/\/fifaa.ee\/en\/wp-json\/wp\/v2\/product"}],"about":[{"href":"https:\/\/fifaa.ee\/en\/wp-json\/wp\/v2\/types\/product"}],"wp:featuredmedia":[{"embeddable":true,"href":"https:\/\/fifaa.ee\/en\/wp-json\/wp\/v2\/media\/30725"}],"wp:attachment":[{"href":"https:\/\/fifaa.ee\/en\/wp-json\/wp\/v2\/media?parent=30699"}],"wp:term":[{"taxonomy":"product_brand","embeddable":true,"href":"https:\/\/fifaa.ee\/en\/wp-json\/wp\/v2\/product_brand?post=30699"},{"taxonomy":"product_cat","embeddable":true,"href":"https:\/\/fifaa.ee\/en\/wp-json\/wp\/v2\/product_cat?post=30699"},{"taxonomy":"product_tag","embeddable":true,"href":"https:\/\/fifaa.ee\/en\/wp-json\/wp\/v2\/product_tag?post=30699"}],"curies":[{"name":"wp","href":"https:\/\/api.w.org\/{rel}","templated":true}]}}