{"id":30700,"date":"2025-01-28T16:10:46","date_gmt":"2025-01-28T14:10:46","guid":{"rendered":"https:\/\/fifaa.ee\/?post_type=product&#038;p=30700"},"modified":"2026-04-01T16:43:05","modified_gmt":"2026-04-01T13:43:05","slug":"flow-rcs-taaskasutatud-roostevabast-terasest-vaakumpudel","status":"publish","type":"product","link":"https:\/\/fifaa.ee\/en\/product\/flow-rcs-taaskasutatud-roostevabast-terasest-vaakumpudel\/","title":{"rendered":"Flow RCS recycled stainless steel vacuum bottle"},"content":{"rendered":"<p>The Flow RCS Recycled Stainless Steel Vacuum Flask is designed to keep your drinks cold for up to 15 hours or hot for up to 5 hours. The double-walled recycled stainless steel vacuum construction keeps drinks cold for up to 15 hours or hot for up to 5 hours. Three-piece design: easy to fill and disassemble for cleaning. Made from RCS (Recycled Claim Standard) certified recycled materials. RCS certification ensures a fully certified supply chain for recycled materials. Total recycled content: 75% of the total weight of the item. BPA free. Capacity 540ml. Suitable for beverages up to 75\u2103. FSC\u00ae-certified kraft packaging included. Registered design\u00ae<\/p>","protected":false},"excerpt":{"rendered":"<p>Flow RCS taaskasutatud roostevabast terasest vaakumpudel on loodud teie jookide pikaajaliseks nautimiseks. Kahekordse seinaga taaskasutatud roostevabast terasest vaakumkonstruktsioon hoiab joogid jahedana kuni 15 tundi v\u00f5i soojana kuni 5 tundi. Kolmeosaline disain: lihtne t\u00e4ita ja puhastamiseks lahti v\u00f5tta. Valmistatud RCS (Recycled Claim Standard) sertifitseeritud taaskasutatud materjalidest. RCS-sertifikaat tagab taaskasutatud materjalide t\u00e4ielikult sertifitseeritud tarneahela. Taaskasutatud kogusisaldus: 75% [&hellip;]<\/p>\n","protected":false},"featured_media":30735,"template":"","meta":{"_acf_changed":false},"product_brand":[],"product_cat":[566,567],"product_tag":[659],"class_list":{"0":"post-30700","1":"product","2":"type-product","3":"status-publish","4":"has-post-thumbnail","6":"product_cat-jooginoud","7":"product_cat-veepudelid","8":"product_tag-more-colors","9":"pa_varv-sinine","10":"pa_varv-valge-new","12":"first","13":"instock","14":"taxable","15":"shipping-taxable","16":"purchasable","17":"product-type-variable","18":"has-default-attributes"},"acf":[],"_links":{"self":[{"href":"https:\/\/fifaa.ee\/en\/wp-json\/wp\/v2\/product\/30700","targetHints":{"allow":["GET"]}}],"collection":[{"href":"https:\/\/fifaa.ee\/en\/wp-json\/wp\/v2\/product"}],"about":[{"href":"https:\/\/fifaa.ee\/en\/wp-json\/wp\/v2\/types\/product"}],"wp:featuredmedia":[{"embeddable":true,"href":"https:\/\/fifaa.ee\/en\/wp-json\/wp\/v2\/media\/30735"}],"wp:attachment":[{"href":"https:\/\/fifaa.ee\/en\/wp-json\/wp\/v2\/media?parent=30700"}],"wp:term":[{"taxonomy":"product_brand","embeddable":true,"href":"https:\/\/fifaa.ee\/en\/wp-json\/wp\/v2\/product_brand?post=30700"},{"taxonomy":"product_cat","embeddable":true,"href":"https:\/\/fifaa.ee\/en\/wp-json\/wp\/v2\/product_cat?post=30700"},{"taxonomy":"product_tag","embeddable":true,"href":"https:\/\/fifaa.ee\/en\/wp-json\/wp\/v2\/product_tag?post=30700"}],"curies":[{"name":"wp","href":"https:\/\/api.w.org\/{rel}","templated":true}]}}