{"id":30702,"date":"2025-01-28T16:10:46","date_gmt":"2025-01-28T14:10:46","guid":{"rendered":"https:\/\/fifaa.ee\/?post_type=product&#038;p=30702"},"modified":"2026-04-01T16:43:31","modified_gmt":"2026-04-01T13:43:31","slug":"rcs-taaskasutatud-roostevabast-terasest-impact-vaakumpudel","status":"publish","type":"product","link":"https:\/\/fifaa.ee\/en\/product\/rcs-taaskasutatud-roostevabast-terasest-impact-vaakumpudel\/","title":{"rendered":"RCS Recycled stainless steel Impact vacuum bottle"},"content":{"rendered":"<p>Perfect for all-day hydration, the Impact RCS stainless steel double-wall vacuum bottle keeps you fresh all day long. Made from durable recycled stainless steel. With a minimalist yet stylish design, you&#039;ll make an impact anywhere! Keeps your drink hot for 5 hours or cold for 15 hours. Made from RCS (Recycled Claim Standard) certified recycled materials. RCS certification ensures a fully certified supply chain of recycled materials. Total recycled content: 80% of the total weight of the item. BPA free. Capacity 500ml. Includes FSC\u00ae certified kraft packaging. 2% of the proceeds from each product sold is donated to Water.org.<\/p>","protected":false},"excerpt":{"rendered":"<p>Roostevabast terasest topeltseinaga vaakumpudel Impact RCS, mis sobib suurep\u00e4raselt kogu p\u00e4evaks niisutuseks, hoiab teid terve p\u00e4eva v\u00e4rskena. Valmistatud vastupidavast taaskasutatud roostevabast terasest. Minimalistliku, kuid stiilse disainiga m\u00f5jute k\u00f5ikjal! Hoiab teie joogi 5 tundi soojas v\u00f5i 15 tundi k\u00fclmas. Valmistatud RCS (Recycled Claim Standard) sertifitseeritud taaskasutatud materjalidest. RCS-sertifikaat tagab taaskasutatud materjalide t\u00e4ielikult sertifitseeritud tarneahela. Taaskasutatud kogusisaldus: [&hellip;]<\/p>\n","protected":false},"featured_media":30749,"template":"","meta":{"_acf_changed":false},"product_brand":[],"product_cat":[566,567],"product_tag":[659],"class_list":{"0":"post-30702","1":"product","2":"type-product","3":"status-publish","4":"has-post-thumbnail","6":"product_cat-jooginoud","7":"product_cat-veepudelid","8":"product_tag-more-colors","9":"pa_varv-hall","10":"pa_varv-must","11":"pa_varv-pruun","12":"pa_varv-roheline","13":"pa_varv-sinine","14":"pa_varv-valge-new","16":"first","17":"instock","18":"taxable","19":"shipping-taxable","20":"purchasable","21":"product-type-variable","22":"has-default-attributes"},"acf":[],"_links":{"self":[{"href":"https:\/\/fifaa.ee\/en\/wp-json\/wp\/v2\/product\/30702","targetHints":{"allow":["GET"]}}],"collection":[{"href":"https:\/\/fifaa.ee\/en\/wp-json\/wp\/v2\/product"}],"about":[{"href":"https:\/\/fifaa.ee\/en\/wp-json\/wp\/v2\/types\/product"}],"wp:featuredmedia":[{"embeddable":true,"href":"https:\/\/fifaa.ee\/en\/wp-json\/wp\/v2\/media\/30749"}],"wp:attachment":[{"href":"https:\/\/fifaa.ee\/en\/wp-json\/wp\/v2\/media?parent=30702"}],"wp:term":[{"taxonomy":"product_brand","embeddable":true,"href":"https:\/\/fifaa.ee\/en\/wp-json\/wp\/v2\/product_brand?post=30702"},{"taxonomy":"product_cat","embeddable":true,"href":"https:\/\/fifaa.ee\/en\/wp-json\/wp\/v2\/product_cat?post=30702"},{"taxonomy":"product_tag","embeddable":true,"href":"https:\/\/fifaa.ee\/en\/wp-json\/wp\/v2\/product_tag?post=30702"}],"curies":[{"name":"wp","href":"https:\/\/api.w.org\/{rel}","templated":true}]}}