{"id":30746,"date":"2025-01-28T16:11:06","date_gmt":"2025-01-28T14:11:06","guid":{"rendered":"https:\/\/fifaa.ee\/?post_type=product&#038;p=30746"},"modified":"2026-04-01T16:44:43","modified_gmt":"2026-04-01T13:44:43","slug":"eureka-rcs-sertifikaadiga-terasest-uhe-seinaga-veepudel","status":"publish","type":"product","link":"https:\/\/fifaa.ee\/en\/product\/eureka-rcs-sertifikaadiga-terasest-uhe-seinaga-veepudel\/","title":{"rendered":"Eureka RCS certified re-steel single wall water bottle"},"content":{"rendered":"<p>Increase your daily water intake with this single-walled stainless steel bottle. The bottle is suitable for cold drinks only. This sleek-looking water bottle with a base that fits into most cup holders will keep you hydrated on the go, wherever you are. Made from RCS (Recycled Claim Standard) certified recycled materials. RCS certification ensures a fully certified supply chain of recycled materials. Total recycled content: 84% of the total weight of the item. BPA free. Capacity 500ml. FSC\u00ae-certified kraft packaging included.<\/p>","protected":false},"excerpt":{"rendered":"<p>Suurendage oma igap\u00e4evast veetarbimist selle \u00fche seinaga roostevabast terasest pudeliga. Pudel sobib ainult k\u00fclmade jookide jaoks. See klanitud v\u00e4limusega veepudel, mille alus sobib enamikesse topsihoidjatesse, hoiab teid h\u00fcdreeritud liikvel olles, kus iganes te viibite. Valmistatud RCS (Recycled Claim Standard) sertifitseeritud taaskasutatud materjalidest. RCS-sertifikaat tagab taaskasutatud materjalide t\u00e4ielikult sertifitseeritud tarneahela. Kogu taaskasutatud sisaldus: 84% eseme kogukaalust. [&hellip;]<\/p>\n","protected":false},"featured_media":30779,"template":"","meta":{"_acf_changed":false},"product_brand":[],"product_cat":[566,567],"product_tag":[659],"class_list":{"0":"post-30746","1":"product","2":"type-product","3":"status-publish","4":"has-post-thumbnail","6":"product_cat-jooginoud","7":"product_cat-veepudelid","8":"product_tag-more-colors","9":"pa_varv-must","10":"pa_varv-sinine","11":"pa_varv-valge-new","13":"first","14":"instock","15":"taxable","16":"shipping-taxable","17":"purchasable","18":"product-type-variable","19":"has-default-attributes"},"acf":[],"_links":{"self":[{"href":"https:\/\/fifaa.ee\/en\/wp-json\/wp\/v2\/product\/30746","targetHints":{"allow":["GET"]}}],"collection":[{"href":"https:\/\/fifaa.ee\/en\/wp-json\/wp\/v2\/product"}],"about":[{"href":"https:\/\/fifaa.ee\/en\/wp-json\/wp\/v2\/types\/product"}],"wp:featuredmedia":[{"embeddable":true,"href":"https:\/\/fifaa.ee\/en\/wp-json\/wp\/v2\/media\/30779"}],"wp:attachment":[{"href":"https:\/\/fifaa.ee\/en\/wp-json\/wp\/v2\/media?parent=30746"}],"wp:term":[{"taxonomy":"product_brand","embeddable":true,"href":"https:\/\/fifaa.ee\/en\/wp-json\/wp\/v2\/product_brand?post=30746"},{"taxonomy":"product_cat","embeddable":true,"href":"https:\/\/fifaa.ee\/en\/wp-json\/wp\/v2\/product_cat?post=30746"},{"taxonomy":"product_tag","embeddable":true,"href":"https:\/\/fifaa.ee\/en\/wp-json\/wp\/v2\/product_tag?post=30746"}],"curies":[{"name":"wp","href":"https:\/\/api.w.org\/{rel}","templated":true}]}}