{"id":30747,"date":"2025-01-28T16:11:06","date_gmt":"2025-01-28T14:11:06","guid":{"rendered":"https:\/\/fifaa.ee\/?post_type=product&#038;p=30747"},"modified":"2026-04-01T16:44:43","modified_gmt":"2026-04-01T13:44:43","slug":"soda-rcs-sertifikaadiga-terasest-gaseeritud-joogipudel","status":"publish","type":"product","link":"https:\/\/fifaa.ee\/en\/product\/soda-rcs-sertifikaadiga-terasest-gaseeritud-joogipudel\/","title":{"rendered":"Soda RCS certified re-steel carbonated drinking bottle"},"content":{"rendered":"<p>This soda bottle is made from recycled stainless steel and is perfect for everyday carry and hydration. The unique design allows it to be used even for carbonated drinks and is guaranteed leak-proof. Made from RCS (Recycled Claim Standard) certified recycled materials. RCS certification ensures a fully certified supply chain of recycled materials. Total recycled content: 85% of the total weight of the item. BPA free. Capacity 800ml. FSC\u00ae certified kraft packaging included. Registered design\u00ae.<\/p>","protected":false},"excerpt":{"rendered":"<p>See soodapudel on valmistatud taaskasutatud roostevabast terasest ja sobib suurep\u00e4raselt igap\u00e4evaseks kandmiseks ja niisutamiseks. Unikaalne disain v\u00f5imaldab seda kasutada isegi gaseeritud jookide jaoks ja see on garanteeritud lekkekindel. Valmistatud RCS (Recycled Claim Standard) sertifitseeritud taaskasutatud materjalidest. RCS-sertifikaat tagab taaskasutatud materjalide t\u00e4ielikult sertifitseeritud tarneahela. Taaskasutatud kogusisaldus: 85% eseme kogukaalust. BPA vaba. Mahutavus 800ml. Kaasa arvatud FSC\u00ae-sertifikaadiga [&hellip;]<\/p>\n","protected":false},"featured_media":30787,"template":"","meta":{"_acf_changed":false},"product_brand":[],"product_cat":[566,567],"product_tag":[659],"class_list":{"0":"post-30747","1":"product","2":"type-product","3":"status-publish","4":"has-post-thumbnail","6":"product_cat-jooginoud","7":"product_cat-veepudelid","8":"product_tag-more-colors","9":"pa_varv-must","10":"pa_varv-valge-new","12":"first","13":"instock","14":"taxable","15":"shipping-taxable","16":"purchasable","17":"product-type-variable","18":"has-default-attributes"},"acf":[],"_links":{"self":[{"href":"https:\/\/fifaa.ee\/en\/wp-json\/wp\/v2\/product\/30747","targetHints":{"allow":["GET"]}}],"collection":[{"href":"https:\/\/fifaa.ee\/en\/wp-json\/wp\/v2\/product"}],"about":[{"href":"https:\/\/fifaa.ee\/en\/wp-json\/wp\/v2\/types\/product"}],"wp:featuredmedia":[{"embeddable":true,"href":"https:\/\/fifaa.ee\/en\/wp-json\/wp\/v2\/media\/30787"}],"wp:attachment":[{"href":"https:\/\/fifaa.ee\/en\/wp-json\/wp\/v2\/media?parent=30747"}],"wp:term":[{"taxonomy":"product_brand","embeddable":true,"href":"https:\/\/fifaa.ee\/en\/wp-json\/wp\/v2\/product_brand?post=30747"},{"taxonomy":"product_cat","embeddable":true,"href":"https:\/\/fifaa.ee\/en\/wp-json\/wp\/v2\/product_cat?post=30747"},{"taxonomy":"product_tag","embeddable":true,"href":"https:\/\/fifaa.ee\/en\/wp-json\/wp\/v2\/product_tag?post=30747"}],"curies":[{"name":"wp","href":"https:\/\/api.w.org\/{rel}","templated":true}]}}