{"id":30891,"date":"2025-01-28T16:12:13","date_gmt":"2025-01-28T14:12:13","guid":{"rendered":"https:\/\/fifaa.ee\/?post_type=product&#038;p=30891"},"modified":"2026-04-01T16:47:11","modified_gmt":"2026-04-01T13:47:11","slug":"impact-boorsilikaatklaasist-pudel-bambusest-kaanega","status":"publish","type":"product","link":"https:\/\/fifaa.ee\/en\/product\/impact-boorsilikaatklaasist-pudel-bambusest-kaanega\/","title":{"rendered":"Impact borosilicate glass bottle with bamboo lid"},"content":{"rendered":"<p>Stop buying plastic water bottles from stores and reuse your durable bottle from the Impact Collection. By using durable glass and stainless steel materials, you improve the reusability of products compared to single-use products. With a focus on water, 2% of the proceeds from every Impact product sold is donated to Water.org. Supporting your sustainable lifestyle, the Impact glass bottle with bamboo lid reduces your plastic waste and improves your hydration habits. Made from premium borosilicate glass, which is resistant to large temperature changes. A beautiful sleeve completes the look. Capacity 750ml. BPA free.<\/p>","protected":false},"excerpt":{"rendered":"<p>\u00c4rge ostke enam poodidest plastikust veepudeleid, vaid kasutage uuesti oma vastupidavat pudelit Impact Collectionist. Kasutades vastupidavaid klaasi ja roostevaba terase materjale parandate toodete korduvkasutatavust v\u00f5rreldes \u00fchekordselt kasutatavate toodetega. Keskendudes veele, annetatakse 2% iga m\u00fc\u00fcdud Impact toote tulust Water.org-ile. Toetades teie s\u00e4\u00e4stvat elustiili, v\u00e4hendab bambuskaanega klaaspudel Impact teie plastij\u00e4\u00e4tmeid ja parandab teie niisutusharjumusi. Valmistatud esmaklassilisest boorsilikaatklaasist, [&hellip;]<\/p>\n","protected":false},"featured_media":30922,"template":"","meta":{"_acf_changed":false},"product_brand":[],"product_cat":[566,567],"product_tag":[],"class_list":{"0":"post-30891","1":"product","2":"type-product","3":"status-publish","4":"has-post-thumbnail","6":"product_cat-jooginoud","7":"product_cat-veepudelid","9":"first","10":"instock","11":"taxable","12":"shipping-taxable","13":"purchasable","14":"product-type-variable","15":"has-default-attributes"},"acf":[],"_links":{"self":[{"href":"https:\/\/fifaa.ee\/en\/wp-json\/wp\/v2\/product\/30891","targetHints":{"allow":["GET"]}}],"collection":[{"href":"https:\/\/fifaa.ee\/en\/wp-json\/wp\/v2\/product"}],"about":[{"href":"https:\/\/fifaa.ee\/en\/wp-json\/wp\/v2\/types\/product"}],"wp:featuredmedia":[{"embeddable":true,"href":"https:\/\/fifaa.ee\/en\/wp-json\/wp\/v2\/media\/30922"}],"wp:attachment":[{"href":"https:\/\/fifaa.ee\/en\/wp-json\/wp\/v2\/media?parent=30891"}],"wp:term":[{"taxonomy":"product_brand","embeddable":true,"href":"https:\/\/fifaa.ee\/en\/wp-json\/wp\/v2\/product_brand?post=30891"},{"taxonomy":"product_cat","embeddable":true,"href":"https:\/\/fifaa.ee\/en\/wp-json\/wp\/v2\/product_cat?post=30891"},{"taxonomy":"product_tag","embeddable":true,"href":"https:\/\/fifaa.ee\/en\/wp-json\/wp\/v2\/product_tag?post=30891"}],"curies":[{"name":"wp","href":"https:\/\/api.w.org\/{rel}","templated":true}]}}