{"id":30985,"date":"2025-01-28T16:13:01","date_gmt":"2025-01-28T14:13:01","guid":{"rendered":"https:\/\/fifaa.ee\/?post_type=product&#038;p=30985"},"modified":"2026-04-02T14:32:23","modified_gmt":"2026-04-02T11:32:23","slug":"yide-rcs-recycled-pet-lekkekindel-lukustatav-veepudel-600ml","status":"publish","type":"product","link":"https:\/\/fifaa.ee\/en\/product\/yide-rcs-recycled-pet-lekkekindel-lukustatav-veepudel-600ml\/","title":{"rendered":"Yide RCS Recycled PET leakproof lockable water bottle 600ml"},"content":{"rendered":"<p>This RCS RPET water bottle is leak-proof and has a lockable, one-handed lid. It also has a handle for easy carrying. The bottle body is made from 100% RCS certified RPET. RCS certification ensures a fully certified supply chain of recycled materials. Hand wash only. This product is for cold drinks only. Total recycled content: 73% of the total weight of the item. BPA free. Capacity 600ml. FSC\u00ae certified kraft gift box included.<\/p>","protected":false},"excerpt":{"rendered":"<p>See RCS RPET veepudel on lekkekindel ja sellel on lukustatav ja \u00fche k\u00e4ega juhitav kaas. Sellel on ka k\u00e4epide, mis h\u00f5lbustab kaasaskandmist. Pudeli korpus on valmistatud 100% RCS sertifikaadiga RPET-st. RCS-sertifikaat tagab taaskasutatud materjalide t\u00e4ielikult sertifitseeritud tarneahela. Ainult k\u00e4sipesu. See toode on m\u00f5eldud ainult k\u00fclmade jookide jaoks. Taaskasutatud kogusisaldus: 73% eseme kogukaalust. BPA vaba. Mahutavus [&hellip;]<\/p>\n","protected":false},"featured_media":31004,"template":"","meta":{"_acf_changed":false},"product_brand":[],"product_cat":[566,567],"product_tag":[659],"class_list":{"0":"post-30985","1":"product","2":"type-product","3":"status-publish","4":"has-post-thumbnail","6":"product_cat-jooginoud","7":"product_cat-veepudelid","8":"product_tag-more-colors","9":"pa_varv-must","10":"pa_varv-roheline","11":"pa_varv-sinine","13":"first","14":"instock","15":"taxable","16":"shipping-taxable","17":"purchasable","18":"product-type-variable","19":"has-default-attributes"},"acf":[],"_links":{"self":[{"href":"https:\/\/fifaa.ee\/en\/wp-json\/wp\/v2\/product\/30985","targetHints":{"allow":["GET"]}}],"collection":[{"href":"https:\/\/fifaa.ee\/en\/wp-json\/wp\/v2\/product"}],"about":[{"href":"https:\/\/fifaa.ee\/en\/wp-json\/wp\/v2\/types\/product"}],"wp:featuredmedia":[{"embeddable":true,"href":"https:\/\/fifaa.ee\/en\/wp-json\/wp\/v2\/media\/31004"}],"wp:attachment":[{"href":"https:\/\/fifaa.ee\/en\/wp-json\/wp\/v2\/media?parent=30985"}],"wp:term":[{"taxonomy":"product_brand","embeddable":true,"href":"https:\/\/fifaa.ee\/en\/wp-json\/wp\/v2\/product_brand?post=30985"},{"taxonomy":"product_cat","embeddable":true,"href":"https:\/\/fifaa.ee\/en\/wp-json\/wp\/v2\/product_cat?post=30985"},{"taxonomy":"product_tag","embeddable":true,"href":"https:\/\/fifaa.ee\/en\/wp-json\/wp\/v2\/product_tag?post=30985"}],"curies":[{"name":"wp","href":"https:\/\/api.w.org\/{rel}","templated":true}]}}