{"id":30986,"date":"2025-01-28T16:13:01","date_gmt":"2025-01-28T14:13:01","guid":{"rendered":"https:\/\/fifaa.ee\/?post_type=product&#038;p=30986"},"modified":"2026-04-01T16:49:01","modified_gmt":"2026-04-01T13:49:01","slug":"impact-rcs-taaskasutatud-pet-lekkekindel-veepudel-600ml","status":"publish","type":"product","link":"https:\/\/fifaa.ee\/en\/product\/impact-rcs-taaskasutatud-pet-lekkekindel-veepudel-600ml\/","title":{"rendered":"Impact RCS recycled PET leakproof water bottle 600ml"},"content":{"rendered":"<p>Eliminate plastic bottles with this Recycled Impact leak-proof water bottle. With a fresh design and a transparent body, the bottle is not only easy to use, but also beautiful to look at. The split body design makes it easy to clean and is great if you want to add ice cubes to the bottle. There is a strap attached to the body for easy carrying. 2% Impact Collection 2% A portion of the proceeds from every product sold is donated to Water.org. Hand wash only. This product is for cold drinks only. Total recycled content: 96% of the total weight of the item. BPA free. Capacity 600ml. FSC\u00ae certified kraft gift box included.<\/p>","protected":false},"excerpt":{"rendered":"<p>Selle Recycled Impacti lekkekindla veepudeliga saate v\u00e4listada plastpudelite kasutamise. V\u00e4rske disaini ja l\u00e4bipaistva korpusega pudelit pole mitte ainult lihtne kasutada, vaid ka ilus vaadata. Poolitatud korpuse disain muudab selle puhastamise lihtsaks ja on suurep\u00e4rane, kui soovite pudelisse lisada j\u00e4\u00e4kuubikuid. Kere sisse on kinnitatud rihm, mis h\u00f5lbustab kaasaskandmist. 2% Impact Collection iga m\u00fc\u00fcdud toote tulust annetatakse [&hellip;]<\/p>\n","protected":false},"featured_media":31012,"template":"","meta":{"_acf_changed":false},"product_brand":[],"product_cat":[566,567],"product_tag":[659],"class_list":{"0":"post-30986","1":"product","2":"type-product","3":"status-publish","4":"has-post-thumbnail","6":"product_cat-jooginoud","7":"product_cat-veepudelid","8":"product_tag-more-colors","9":"pa_varv-lilla","10":"pa_varv-must","11":"pa_varv-punane","12":"pa_varv-roheline","13":"pa_varv-sinine","14":"pa_varv-valge-new","16":"first","17":"instock","18":"taxable","19":"shipping-taxable","20":"purchasable","21":"product-type-variable","22":"has-default-attributes"},"acf":[],"_links":{"self":[{"href":"https:\/\/fifaa.ee\/en\/wp-json\/wp\/v2\/product\/30986","targetHints":{"allow":["GET"]}}],"collection":[{"href":"https:\/\/fifaa.ee\/en\/wp-json\/wp\/v2\/product"}],"about":[{"href":"https:\/\/fifaa.ee\/en\/wp-json\/wp\/v2\/types\/product"}],"wp:featuredmedia":[{"embeddable":true,"href":"https:\/\/fifaa.ee\/en\/wp-json\/wp\/v2\/media\/31012"}],"wp:attachment":[{"href":"https:\/\/fifaa.ee\/en\/wp-json\/wp\/v2\/media?parent=30986"}],"wp:term":[{"taxonomy":"product_brand","embeddable":true,"href":"https:\/\/fifaa.ee\/en\/wp-json\/wp\/v2\/product_brand?post=30986"},{"taxonomy":"product_cat","embeddable":true,"href":"https:\/\/fifaa.ee\/en\/wp-json\/wp\/v2\/product_cat?post=30986"},{"taxonomy":"product_tag","embeddable":true,"href":"https:\/\/fifaa.ee\/en\/wp-json\/wp\/v2\/product_tag?post=30986"}],"curies":[{"name":"wp","href":"https:\/\/api.w.org\/{rel}","templated":true}]}}