{"id":31030,"date":"2025-01-28T16:13:22","date_gmt":"2025-01-28T14:13:22","guid":{"rendered":"https:\/\/fifaa.ee\/?post_type=product&#038;p=31030"},"modified":"2026-04-01T16:49:45","modified_gmt":"2026-04-01T13:49:45","slug":"oasis-rcs-taaskasutatud-lemmiklooma-veepudel-650ml","status":"publish","type":"product","link":"https:\/\/fifaa.ee\/en\/product\/oasis-rcs-taaskasutatud-lemmiklooma-veepudel-650ml\/","title":{"rendered":"Oasis RCS recycled pet water bottle 650ml"},"content":{"rendered":"<p>BPA-free and reusable recycled water bottle. With a twist-off cap. This water bottle is perfect for the gym. The bottle body is made from 100% RCS certified RPET. RCS certification ensures a fully certified supply chain of recycled materials. Hand wash only. This product is intended for cold drinks only. Total recycled content: 99% of the total weight of the item. BPA free. Capacity 650ml. Plastic-free, in paper packaging<\/p>","protected":false},"excerpt":{"rendered":"<p>BPA-vaba ja korduvkasutatav taaskasutatud veepudel. Kande keeratava korgiga. See veepudel sobib suurep\u00e4raselt j\u00f5usaali. Pudeli korpus on valmistatud 100% RCS sertifikaadiga RPET-st. RCS-sertifikaat tagab taaskasutatud materjalide t\u00e4ielikult sertifitseeritud tarneahela. Ainult k\u00e4sipesu. See toode on m\u00f5eldud ainult k\u00fclmade jookide jaoks. Taaskasutatud kogusisaldus: 99% eseme kogukaalust. BPA vaba. Mahutavus 650ml. Plastivaba, paberpakendis<\/p>","protected":false},"featured_media":31039,"template":"","meta":{"_acf_changed":false},"product_brand":[],"product_cat":[566,567],"product_tag":[659],"class_list":{"0":"post-31030","1":"product","2":"type-product","3":"status-publish","4":"has-post-thumbnail","6":"product_cat-jooginoud","7":"product_cat-veepudelid","8":"product_tag-more-colors","9":"pa_varv-lilla","10":"pa_varv-must","11":"pa_varv-oranz","12":"pa_varv-punane","13":"pa_varv-roheline","14":"pa_varv-sinine","15":"pa_varv-valge-new","17":"first","18":"instock","19":"taxable","20":"shipping-taxable","21":"purchasable","22":"product-type-variable","23":"has-default-attributes"},"acf":[],"_links":{"self":[{"href":"https:\/\/fifaa.ee\/en\/wp-json\/wp\/v2\/product\/31030","targetHints":{"allow":["GET"]}}],"collection":[{"href":"https:\/\/fifaa.ee\/en\/wp-json\/wp\/v2\/product"}],"about":[{"href":"https:\/\/fifaa.ee\/en\/wp-json\/wp\/v2\/types\/product"}],"wp:featuredmedia":[{"embeddable":true,"href":"https:\/\/fifaa.ee\/en\/wp-json\/wp\/v2\/media\/31039"}],"wp:attachment":[{"href":"https:\/\/fifaa.ee\/en\/wp-json\/wp\/v2\/media?parent=31030"}],"wp:term":[{"taxonomy":"product_brand","embeddable":true,"href":"https:\/\/fifaa.ee\/en\/wp-json\/wp\/v2\/product_brand?post=31030"},{"taxonomy":"product_cat","embeddable":true,"href":"https:\/\/fifaa.ee\/en\/wp-json\/wp\/v2\/product_cat?post=31030"},{"taxonomy":"product_tag","embeddable":true,"href":"https:\/\/fifaa.ee\/en\/wp-json\/wp\/v2\/product_tag?post=31030"}],"curies":[{"name":"wp","href":"https:\/\/api.w.org\/{rel}","templated":true}]}}