{"id":31032,"date":"2025-01-28T16:13:22","date_gmt":"2025-01-28T14:13:22","guid":{"rendered":"https:\/\/fifaa.ee\/?post_type=product&#038;p=31032"},"modified":"2026-04-01T16:50:14","modified_gmt":"2026-04-01T13:50:14","slug":"fluid-rcs-sertifikaadiga-taaskasutatud-terasest-veepudel-600ml","status":"publish","type":"product","link":"https:\/\/fifaa.ee\/en\/product\/fluid-rcs-sertifikaadiga-taaskasutatud-terasest-veepudel-600ml\/","title":{"rendered":"Fluid RCS certified recycled steel water bottle 600ml"},"content":{"rendered":"<p>This 600ml water bottle features a distinctive two-tone exterior with a stylish one-and-a-half design. The double-walled recycled stainless steel vacuum construction keeps drinks cold for up to 15 hours or hot for up to 5 hours. The water bottle fits most standard car cup holders, making it ideal for on-the-go use. Made from RCS (Recycled Claim Standard) certified recycled materials, ensuring a fully certified supply chain of recycled materials. BPA free. Includes FSC\u00ae-certified kraft tube gift packaging.<\/p>","protected":false},"excerpt":{"rendered":"<p>Sellel 600 ml veepudelil on oman\u00e4oline kahev\u00e4rviline v\u00e4lisk\u00fclg stiilse pooleteise disainiga. Kahekordse seinaga taaskasutatud roostevabast terasest vaakumkonstruktsioon hoiab joogid jahedana kuni 15 tundi v\u00f5i soojana kuni 5 tundi. Veepudel sobib enamiku tavaliste autotopsihoidjatega, mist\u00f5ttu on see ideaalne liikvel olles. Valmistatud RCS (Recycled Claim Standard) sertifitseeritud ringlussev\u00f5etud materjalidest, tagades taaskasutatud materjalide t\u00e4ielikult sertifitseeritud tarneahela. BPA vaba. [&hellip;]<\/p>\n","protected":false},"featured_media":31067,"template":"","meta":{"_acf_changed":false},"product_brand":[],"product_cat":[566,629],"product_tag":[659],"class_list":{"0":"post-31032","1":"product","2":"type-product","3":"status-publish","4":"has-post-thumbnail","6":"product_cat-jooginoud","7":"product_cat-termoskruusid","8":"product_tag-more-colors","9":"pa_varv-must","10":"pa_varv-punane","11":"pa_varv-roheline","12":"pa_varv-sinine","13":"pa_varv-valge-new","15":"first","16":"instock","17":"taxable","18":"shipping-taxable","19":"purchasable","20":"product-type-variable","21":"has-default-attributes"},"acf":[],"_links":{"self":[{"href":"https:\/\/fifaa.ee\/en\/wp-json\/wp\/v2\/product\/31032","targetHints":{"allow":["GET"]}}],"collection":[{"href":"https:\/\/fifaa.ee\/en\/wp-json\/wp\/v2\/product"}],"about":[{"href":"https:\/\/fifaa.ee\/en\/wp-json\/wp\/v2\/types\/product"}],"wp:featuredmedia":[{"embeddable":true,"href":"https:\/\/fifaa.ee\/en\/wp-json\/wp\/v2\/media\/31067"}],"wp:attachment":[{"href":"https:\/\/fifaa.ee\/en\/wp-json\/wp\/v2\/media?parent=31032"}],"wp:term":[{"taxonomy":"product_brand","embeddable":true,"href":"https:\/\/fifaa.ee\/en\/wp-json\/wp\/v2\/product_brand?post=31032"},{"taxonomy":"product_cat","embeddable":true,"href":"https:\/\/fifaa.ee\/en\/wp-json\/wp\/v2\/product_cat?post=31032"},{"taxonomy":"product_tag","embeddable":true,"href":"https:\/\/fifaa.ee\/en\/wp-json\/wp\/v2\/product_tag?post=31032"}],"curies":[{"name":"wp","href":"https:\/\/api.w.org\/{rel}","templated":true}]}}