{"id":31033,"date":"2025-01-28T16:13:22","date_gmt":"2025-01-28T14:13:22","guid":{"rendered":"https:\/\/fifaa.ee\/?post_type=product&#038;p=31033"},"modified":"2026-04-01T16:50:41","modified_gmt":"2026-04-01T13:50:41","slug":"omni-sip-rcs-sertifikaadiga-terasest-lukustatav-pudel-700ml","status":"publish","type":"product","link":"https:\/\/fifaa.ee\/en\/product\/omni-sip-rcs-sertifikaadiga-terasest-lukustatav-pudel-700ml\/","title":{"rendered":"Omni Sip RCS certified re-steel lockable bottle 700ml"},"content":{"rendered":"<p>Introducing the Omni Sip Water Bottle. You deserve versatility in your hydration routine, which is why we created the Omni Sip. This innovative bottle lets you choose how you drink. Sip through the built-in straw while holding it upright, or tilt it back to enjoy a sip from the wide-mouth opening. When you\u2019re ready for action in a moment, simply press the button to unscrew the top and press it back down to lock it securely in place, keeping dirt and germs out. 700ml capacity and made from RCS-certified recycled steel. The Omni Sip is completely leak-proof. Packaged in an FSC gift box. Total recycled content: 67% of the total weight of the item.<\/p>","protected":false},"excerpt":{"rendered":"<p>Tutvustame Omni Sip veepudelit. Sa v\u00e4\u00e4rid oma niisutusrutiini mitmek\u00fclgsust ja seep\u00e4rast l\u00f5ime Omni Sip&#8217;i. See uuenduslik pudel v\u00f5imaldab valida, kuidas jood. R\u00fc\u00fcbake sisseehitatud k\u00f5rrest l\u00e4bi, hoides seda p\u00fcsti, v\u00f5i kallutage seda tagasi, et nautida lonksu laia suuga avast. Kui olete hetkega tegutsemiseks valmis, vajutage lihtsalt nuppu, et \u00fclaosa lahti keerata, ja vajutage seda tagasi alla, [&hellip;]<\/p>\n","protected":false},"featured_media":31081,"template":"","meta":{"_acf_changed":false},"product_brand":[],"product_cat":[566,567],"product_tag":[659],"class_list":{"0":"post-31033","1":"product","2":"type-product","3":"status-publish","4":"has-post-thumbnail","6":"product_cat-jooginoud","7":"product_cat-veepudelid","8":"product_tag-more-colors","9":"pa_varv-must","10":"pa_varv-sinine","11":"pa_varv-valge-new","13":"first","14":"instock","15":"taxable","16":"shipping-taxable","17":"purchasable","18":"product-type-variable","19":"has-default-attributes"},"acf":[],"_links":{"self":[{"href":"https:\/\/fifaa.ee\/en\/wp-json\/wp\/v2\/product\/31033","targetHints":{"allow":["GET"]}}],"collection":[{"href":"https:\/\/fifaa.ee\/en\/wp-json\/wp\/v2\/product"}],"about":[{"href":"https:\/\/fifaa.ee\/en\/wp-json\/wp\/v2\/types\/product"}],"wp:featuredmedia":[{"embeddable":true,"href":"https:\/\/fifaa.ee\/en\/wp-json\/wp\/v2\/media\/31081"}],"wp:attachment":[{"href":"https:\/\/fifaa.ee\/en\/wp-json\/wp\/v2\/media?parent=31033"}],"wp:term":[{"taxonomy":"product_brand","embeddable":true,"href":"https:\/\/fifaa.ee\/en\/wp-json\/wp\/v2\/product_brand?post=31033"},{"taxonomy":"product_cat","embeddable":true,"href":"https:\/\/fifaa.ee\/en\/wp-json\/wp\/v2\/product_cat?post=31033"},{"taxonomy":"product_tag","embeddable":true,"href":"https:\/\/fifaa.ee\/en\/wp-json\/wp\/v2\/product_tag?post=31033"}],"curies":[{"name":"wp","href":"https:\/\/api.w.org\/{rel}","templated":true}]}}