{"id":31034,"date":"2025-01-28T16:13:22","date_gmt":"2025-01-28T14:13:22","guid":{"rendered":"https:\/\/fifaa.ee\/?post_type=product&#038;p=31034"},"modified":"2026-04-01T16:51:06","modified_gmt":"2026-04-01T13:51:06","slug":"tana-rcs-plastikust-trummel-kaepidemega-900ml","status":"publish","type":"product","link":"https:\/\/fifaa.ee\/en\/product\/tana-rcs-plastikust-trummel-kaepidemega-900ml\/","title":{"rendered":"Tana RCS plastic tumbler with handle 900ml"},"content":{"rendered":"<p>Introducing the Tana Double Wall Plastic Tumbler, a 900ml tumbler made from 80% recycled content for low-impact hydration. Whether you\u2019re working, exercising or travelling, this tumbler is your perfect companion. The advanced lid features a three-position twist-top cap: a splash-proof straw opening, a sipping spout and a fully sealed lid. The ergonomic handle with a comfortable grip makes it easy to carry and the slim base fits most car cup holders. Hand wash only. Total recycled content: 80% of the total weight of the item. BPA free. Capacity 900ml. FSC\u00ae-certified kraft gift box included.<\/p>","protected":false},"excerpt":{"rendered":"<p>Tutvustame kahekordse seinaga plastikust trumlit Tana, 900 ml trumlit, mis on valmistatud 80% ulatuses taaskasutatud materjalist, mis tagab v\u00e4hese m\u00f5juga niisutamise. Olenemata sellest, kas t\u00f6\u00f6tate, treenite v\u00f5i reisite, on see trummel teie ideaalne kaaslane. T\u00e4iustatud kaanel on kolme asendiga p\u00f6\u00f6rlev kork: pritsmekindel \u00f5leava, lonksutila ja t\u00e4ielikult suletud kaas. Ergonoomiline k\u00e4epide koos mugava k\u00e4epidemega tagab h\u00f5lpsa [&hellip;]<\/p>\n","protected":false},"featured_media":31087,"template":"","meta":{"_acf_changed":false},"product_brand":[],"product_cat":[566,599],"product_tag":[659],"class_list":{"0":"post-31034","1":"product","2":"type-product","3":"status-publish","4":"has-post-thumbnail","6":"product_cat-jooginoud","7":"product_cat-tassid","8":"product_tag-more-colors","9":"pa_varv-beez","10":"pa_varv-must","11":"pa_varv-roosa","12":"pa_varv-sinine","13":"pa_varv-valge-new","15":"first","16":"instock","17":"taxable","18":"shipping-taxable","19":"purchasable","20":"product-type-variable","21":"has-default-attributes"},"acf":[],"_links":{"self":[{"href":"https:\/\/fifaa.ee\/en\/wp-json\/wp\/v2\/product\/31034","targetHints":{"allow":["GET"]}}],"collection":[{"href":"https:\/\/fifaa.ee\/en\/wp-json\/wp\/v2\/product"}],"about":[{"href":"https:\/\/fifaa.ee\/en\/wp-json\/wp\/v2\/types\/product"}],"wp:featuredmedia":[{"embeddable":true,"href":"https:\/\/fifaa.ee\/en\/wp-json\/wp\/v2\/media\/31087"}],"wp:attachment":[{"href":"https:\/\/fifaa.ee\/en\/wp-json\/wp\/v2\/media?parent=31034"}],"wp:term":[{"taxonomy":"product_brand","embeddable":true,"href":"https:\/\/fifaa.ee\/en\/wp-json\/wp\/v2\/product_brand?post=31034"},{"taxonomy":"product_cat","embeddable":true,"href":"https:\/\/fifaa.ee\/en\/wp-json\/wp\/v2\/product_cat?post=31034"},{"taxonomy":"product_tag","embeddable":true,"href":"https:\/\/fifaa.ee\/en\/wp-json\/wp\/v2\/product_tag?post=31034"}],"curies":[{"name":"wp","href":"https:\/\/api.w.org\/{rel}","templated":true}]}}