{"id":31077,"date":"2025-01-28T16:13:49","date_gmt":"2025-01-28T14:13:49","guid":{"rendered":"https:\/\/fifaa.ee\/?post_type=product&#038;p=31077"},"modified":"2026-04-01T16:51:29","modified_gmt":"2026-04-01T13:51:29","slug":"fluid-rcs-sertifikaadiga-taaskasutatud-terasest-trummel-500ml","status":"publish","type":"product","link":"https:\/\/fifaa.ee\/en\/product\/fluid-rcs-sertifikaadiga-taaskasutatud-terasest-trummel-500ml\/","title":{"rendered":"Fluid RCS certified recycled steel tumbler 500ml"},"content":{"rendered":"<p>This 500ml tumbler features a distinctive two-tone exterior with a stylish one-and-a-half design. Double-walled recycled stainless steel vacuum construction keeps drinks cold for up to 15 hours or hot for up to 5 hours. The Fluid Tumbler fits most standard car cup holders, making it ideal for on-the-go use. Made from RCS (Recycled Claim Standard) certified recycled materials, ensuring a fully certified supply chain of recycled materials. Leak-proof and BPA-free. Includes FSC\u00ae-certified kraft tube gift packaging. Total recycled content: 81% of total item weight.<\/p>","protected":false},"excerpt":{"rendered":"<p>Sellel 500 ml trumlil on oman\u00e4oline kahev\u00e4rviline v\u00e4lisk\u00fclg stiilse pooleteise disainiga. Kahekordse seinaga taaskasutatud roostevabast terasest vaakumkonstruktsioon hoiab joogid jahedana kuni 15 tundi v\u00f5i soojana kuni 5 tundi. Fluid Tumbler sobib enamiku tavaliste autotopsihoidjatega, mist\u00f5ttu on see ideaalne liikvel olles. Valmistatud RCS (Recycled Claim Standard) sertifitseeritud ringlussev\u00f5etud materjalidest, tagades taaskasutatud materjalide t\u00e4ielikult sertifitseeritud tarneahela. Lekkekindel [&hellip;]<\/p>\n","protected":false},"featured_media":31099,"template":"","meta":{"_acf_changed":false},"product_brand":[],"product_cat":[566,599],"product_tag":[659],"class_list":{"0":"post-31077","1":"product","2":"type-product","3":"status-publish","4":"has-post-thumbnail","6":"product_cat-jooginoud","7":"product_cat-tassid","8":"product_tag-more-colors","9":"pa_varv-must","10":"pa_varv-punane","11":"pa_varv-roheline","12":"pa_varv-sinine","13":"pa_varv-valge-new","15":"first","16":"instock","17":"taxable","18":"shipping-taxable","19":"purchasable","20":"product-type-variable","21":"has-default-attributes"},"acf":[],"_links":{"self":[{"href":"https:\/\/fifaa.ee\/en\/wp-json\/wp\/v2\/product\/31077","targetHints":{"allow":["GET"]}}],"collection":[{"href":"https:\/\/fifaa.ee\/en\/wp-json\/wp\/v2\/product"}],"about":[{"href":"https:\/\/fifaa.ee\/en\/wp-json\/wp\/v2\/types\/product"}],"wp:featuredmedia":[{"embeddable":true,"href":"https:\/\/fifaa.ee\/en\/wp-json\/wp\/v2\/media\/31099"}],"wp:attachment":[{"href":"https:\/\/fifaa.ee\/en\/wp-json\/wp\/v2\/media?parent=31077"}],"wp:term":[{"taxonomy":"product_brand","embeddable":true,"href":"https:\/\/fifaa.ee\/en\/wp-json\/wp\/v2\/product_brand?post=31077"},{"taxonomy":"product_cat","embeddable":true,"href":"https:\/\/fifaa.ee\/en\/wp-json\/wp\/v2\/product_cat?post=31077"},{"taxonomy":"product_tag","embeddable":true,"href":"https:\/\/fifaa.ee\/en\/wp-json\/wp\/v2\/product_tag?post=31077"}],"curies":[{"name":"wp","href":"https:\/\/api.w.org\/{rel}","templated":true}]}}