{"id":31078,"date":"2025-01-28T16:13:49","date_gmt":"2025-01-28T14:13:49","guid":{"rendered":"https:\/\/fifaa.ee\/?post_type=product&#038;p=31078"},"modified":"2026-04-01T16:51:29","modified_gmt":"2026-04-01T13:51:29","slug":"java-rcs-taaskasutatud-topeltseinaga-trummel-350ml","status":"publish","type":"product","link":"https:\/\/fifaa.ee\/en\/product\/java-rcs-taaskasutatud-topeltseinaga-trummel-350ml\/","title":{"rendered":"Java RCS recycled double wall tumbler 350ML"},"content":{"rendered":"<p>Introducing the perfect coffee companion for your busy day! Our portable coffee mug is designed for life on the go \u2013 lightweight and spill-proof. Whether you\u2019re commuting to work, filling up at your favorite coffee shop, or grabbing a quick sip in the car, this mug will keep your coffee hot and your hands cool. Eco-friendly, reusable, and ready to fuel your journey. Hand wash only. Total recycled content: 36% of total item weight. RPP outer wall. BPA free. Capacity 350 ml.<\/p>","protected":false},"excerpt":{"rendered":"<p>Tutvustame t\u00e4iuslikku kohvikaaslast teie kiireks p\u00e4evaks! Meie kaasaskantav kohvitass on loodud eluks liikvel olles \u2013 kerge ja pritsmekindel. Olenemata sellest, kas s\u00f5idate t\u00f6\u00f6le, t\u00e4itke oma lemmikkohvikus v\u00f5i v\u00f5tate autos kiire lonksu, hoiab see tass teie kohvi kuumana ja k\u00e4ed jahedana. Keskkonnas\u00f5bralik, korduvkasutatav ja valmis teie teekonnal k\u00fctuseks. Ainult k\u00e4sipesu. Kogu taaskasutatud sisaldus: 36% eseme kogukaalust. [&hellip;]<\/p>\n","protected":false},"featured_media":31109,"template":"","meta":{"_acf_changed":false},"product_brand":[],"product_cat":[566,599],"product_tag":[659],"class_list":{"0":"post-31078","1":"product","2":"type-product","3":"status-publish","4":"has-post-thumbnail","6":"product_cat-jooginoud","7":"product_cat-tassid","8":"product_tag-more-colors","9":"pa_varv-must","10":"pa_varv-sinine","11":"pa_varv-valge-new","13":"first","14":"instock","15":"taxable","16":"shipping-taxable","17":"purchasable","18":"product-type-variable","19":"has-default-attributes"},"acf":[],"_links":{"self":[{"href":"https:\/\/fifaa.ee\/en\/wp-json\/wp\/v2\/product\/31078","targetHints":{"allow":["GET"]}}],"collection":[{"href":"https:\/\/fifaa.ee\/en\/wp-json\/wp\/v2\/product"}],"about":[{"href":"https:\/\/fifaa.ee\/en\/wp-json\/wp\/v2\/types\/product"}],"wp:featuredmedia":[{"embeddable":true,"href":"https:\/\/fifaa.ee\/en\/wp-json\/wp\/v2\/media\/31109"}],"wp:attachment":[{"href":"https:\/\/fifaa.ee\/en\/wp-json\/wp\/v2\/media?parent=31078"}],"wp:term":[{"taxonomy":"product_brand","embeddable":true,"href":"https:\/\/fifaa.ee\/en\/wp-json\/wp\/v2\/product_brand?post=31078"},{"taxonomy":"product_cat","embeddable":true,"href":"https:\/\/fifaa.ee\/en\/wp-json\/wp\/v2\/product_cat?post=31078"},{"taxonomy":"product_tag","embeddable":true,"href":"https:\/\/fifaa.ee\/en\/wp-json\/wp\/v2\/product_tag?post=31078"}],"curies":[{"name":"wp","href":"https:\/\/api.w.org\/{rel}","templated":true}]}}