{"id":31121,"date":"2025-01-28T16:14:09","date_gmt":"2025-01-28T14:14:09","guid":{"rendered":"https:\/\/fifaa.ee\/?post_type=product&#038;p=31121"},"modified":"2026-04-01T16:52:23","modified_gmt":"2026-04-01T13:52:23","slug":"embrace-deluxe-rcs-taaskasutatud-roostevabast-terasest-trummel-900ml","status":"publish","type":"product","link":"https:\/\/fifaa.ee\/en\/product\/embrace-deluxe-rcs-taaskasutatud-roostevabast-terasest-trummel-900ml\/","title":{"rendered":"Embrace deluxe RCS recycled stainless steel tumbler 900ml"},"content":{"rendered":"<p>Experience the spacious yet comfortably portable embrace of our generously sized tumbler \u2013 not too big or too small. Its comfortable handle and slim base fit perfectly in most cup holders, ensuring you stay refreshed whether you\u2019re tackling a long day of meetings, conquering rowing class or embarking on a journey out of town. This 900ml capacity is made from durable recycled stainless steel. The tumbler rises to the challenge of hydration. This double-walled vacuum-insulated tumbler features a leak-proof lid, recycled steel straw and silicone straw tip. The twist-off lid has two functions, offering the convenience of a spout or straw. Hand wash recommended. RCS certification ensures a fully certified supply chain of recycled materials. Total recycled content: 70% of the total weight of the item. BPA free.<\/p>","protected":false},"excerpt":{"rendered":"<p>Kogege meie helde suurusega trumli avarat, kuid mugavalt kaasaskantavat embust \u2013 mitte liiga suurt ega liiga v\u00e4ikest. Selle mugav k\u00e4epide ja \u00f5huke p\u00f5hi sobivad ideaalselt enamiku topsihoidjatega, tagades, et j\u00e4\u00e4te v\u00e4rskeks, olenemata sellest, kas peate vastu pikale kohtumisp\u00e4evale, vallutate s\u00f5udeklassi v\u00f5i alustate reisi linnast v\u00e4lja. See 900 ml mahutavus on valmistatud vastupidavast taaskasutatud roostevabast terasest. [&hellip;]<\/p>\n","protected":false},"featured_media":31133,"template":"","meta":{"_acf_changed":false},"product_brand":[],"product_cat":[566,599],"product_tag":[659],"class_list":{"0":"post-31121","1":"product","2":"type-product","3":"status-publish","4":"has-post-thumbnail","6":"product_cat-jooginoud","7":"product_cat-tassid","8":"product_tag-more-colors","9":"pa_varv-beez","10":"pa_varv-must","11":"pa_varv-roosa","12":"pa_varv-sinine","13":"pa_varv-valge-new","15":"first","16":"instock","17":"taxable","18":"shipping-taxable","19":"purchasable","20":"product-type-variable","21":"has-default-attributes"},"acf":[],"_links":{"self":[{"href":"https:\/\/fifaa.ee\/en\/wp-json\/wp\/v2\/product\/31121","targetHints":{"allow":["GET"]}}],"collection":[{"href":"https:\/\/fifaa.ee\/en\/wp-json\/wp\/v2\/product"}],"about":[{"href":"https:\/\/fifaa.ee\/en\/wp-json\/wp\/v2\/types\/product"}],"wp:featuredmedia":[{"embeddable":true,"href":"https:\/\/fifaa.ee\/en\/wp-json\/wp\/v2\/media\/31133"}],"wp:attachment":[{"href":"https:\/\/fifaa.ee\/en\/wp-json\/wp\/v2\/media?parent=31121"}],"wp:term":[{"taxonomy":"product_brand","embeddable":true,"href":"https:\/\/fifaa.ee\/en\/wp-json\/wp\/v2\/product_brand?post=31121"},{"taxonomy":"product_cat","embeddable":true,"href":"https:\/\/fifaa.ee\/en\/wp-json\/wp\/v2\/product_cat?post=31121"},{"taxonomy":"product_tag","embeddable":true,"href":"https:\/\/fifaa.ee\/en\/wp-json\/wp\/v2\/product_tag?post=31121"}],"curies":[{"name":"wp","href":"https:\/\/api.w.org\/{rel}","templated":true}]}}