{"id":31123,"date":"2025-01-28T16:14:10","date_gmt":"2025-01-28T14:14:10","guid":{"rendered":"https:\/\/fifaa.ee\/?post_type=product&#038;p=31123"},"modified":"2026-04-01T16:53:43","modified_gmt":"2026-04-01T13:53:43","slug":"graphic-360-rcs-sertifikaadiga-taaskasutatud-terasest-trummel-900ml","status":"publish","type":"product","link":"https:\/\/fifaa.ee\/en\/product\/graphic-360-rcs-sertifikaadiga-taaskasutatud-terasest-trummel-900ml\/","title":{"rendered":"Graphic 360 RCS certified recycled steel tumbler 900ml"},"content":{"rendered":"<p>The most popular mug, now perfect for a 360-degree round body print. 900ml tumbler made from recycled materials, designed for eco-friendly hydration. Whether you&#039;re working, exercising or travelling, this tumbler is your perfect companion. The innovative lid features a three-position twist-top cap: a leak-proof straw opening, a sipping spout and a fully sealed lid. The ergonomic handle with a comfortable grip makes it easy to carry and the slim base fits most car cup holders. Hand wash only. BPA-free. Capacity: 900ml. Comes in FSC\u00ae-certified kraft gift packaging. Total recycled content: 36% of the total weight of the item.<\/p>","protected":false},"excerpt":{"rendered":"<p>K\u00f5ige populaarsem kruus, mis sobib n\u00fc\u00fcd t\u00e4iuslikuks 360-kraadiseks \u00fcmmarguse keha printimiseks. Taaskasutatud materjalidest valmistatud 900 ml trummel, mis on loodud keskkonnas\u00f5bralikuks niisutamiseks. \u00dcksk\u00f5ik, kas t\u00f6\u00f6tate, treenite v\u00f5i reisite, on see trummel teie ideaalne kaaslane. Uuenduslikul kaanel on kolme asendiga p\u00f6\u00f6rlev kork: lekkekindel \u00f5leava, lonksutila ja t\u00e4ielikult suletud kaas. Ergonoomiline k\u00e4epide koos mugava k\u00e4epidemega tagab h\u00f5lpsa [&hellip;]<\/p>\n","protected":false},"featured_media":31159,"template":"","meta":{"_acf_changed":false},"product_brand":[],"product_cat":[566,599],"product_tag":[659],"class_list":{"0":"post-31123","1":"product","2":"type-product","3":"status-publish","4":"has-post-thumbnail","6":"product_cat-jooginoud","7":"product_cat-tassid","8":"product_tag-more-colors","9":"pa_varv-must","10":"pa_varv-sinine","11":"pa_varv-valge-new","13":"first","14":"instock","15":"taxable","16":"shipping-taxable","17":"purchasable","18":"product-type-variable","19":"has-default-attributes"},"acf":[],"_links":{"self":[{"href":"https:\/\/fifaa.ee\/en\/wp-json\/wp\/v2\/product\/31123","targetHints":{"allow":["GET"]}}],"collection":[{"href":"https:\/\/fifaa.ee\/en\/wp-json\/wp\/v2\/product"}],"about":[{"href":"https:\/\/fifaa.ee\/en\/wp-json\/wp\/v2\/types\/product"}],"wp:featuredmedia":[{"embeddable":true,"href":"https:\/\/fifaa.ee\/en\/wp-json\/wp\/v2\/media\/31159"}],"wp:attachment":[{"href":"https:\/\/fifaa.ee\/en\/wp-json\/wp\/v2\/media?parent=31123"}],"wp:term":[{"taxonomy":"product_brand","embeddable":true,"href":"https:\/\/fifaa.ee\/en\/wp-json\/wp\/v2\/product_brand?post=31123"},{"taxonomy":"product_cat","embeddable":true,"href":"https:\/\/fifaa.ee\/en\/wp-json\/wp\/v2\/product_cat?post=31123"},{"taxonomy":"product_tag","embeddable":true,"href":"https:\/\/fifaa.ee\/en\/wp-json\/wp\/v2\/product_tag?post=31123"}],"curies":[{"name":"wp","href":"https:\/\/api.w.org\/{rel}","templated":true}]}}