{"id":31124,"date":"2025-01-28T16:14:10","date_gmt":"2025-01-28T14:14:10","guid":{"rendered":"https:\/\/fifaa.ee\/?post_type=product&#038;p=31124"},"modified":"2026-04-01T16:54:10","modified_gmt":"2026-04-01T13:54:10","slug":"avira-avior-rcs-re-terasest-pudel-500-ml","status":"publish","type":"product","link":"https:\/\/fifaa.ee\/en\/product\/avira-avior-rcs-re-terasest-pudel-500-ml\/","title":{"rendered":"Avira Avior RCS Re-steel bottle 500 ML"},"content":{"rendered":"<p>The Avior RCS Recycled Stainless Steel Vacuum Bottle is designed to keep your drinks cold for up to 20 hours or hot for up to 10 hours! The double-walled recycled stainless steel vacuum construction keeps drinks cold for up to 20 hours or hot for up to 10 hours. This bottle fits most standard car cup holders, so you can take it with you wherever you go. Made from RCS (Recycled Claim Standard) certified recycled materials. RCS certification ensures a fully certified supply chain for recycled materials. Total recycled content: 82% of the total weight of the item. BPA free. Capacity 500ml. FSC\u00ae-certified kraft packaging included. Use the box as a phone holder, pen holder or flower pot!<\/p>","protected":false},"excerpt":{"rendered":"<p>Avior RCS Recycled roostevabast terasest vaakumpudel on loodud teie jookide pikaajaliseks nautimiseks! Kahekordse seinaga taaskasutatud roostevabast terasest vaakumkonstruktsioon hoiab joogid jahedana kuni 20 tundi v\u00f5i soojana kuni 10 tundi. See pudel sobib enamiku tavaliste autotopsihoidjatega, nii et saate selle k\u00f5ikjale kaasa v\u00f5tta. Valmistatud RCS (Recycled Claim Standard) sertifitseeritud taaskasutatud materjalidest. RCS-sertifikaat tagab taaskasutatud materjalide t\u00e4ielikult [&hellip;]<\/p>\n","protected":false},"featured_media":31165,"template":"","meta":{"_acf_changed":false},"product_brand":[],"product_cat":[566,567],"product_tag":[659],"class_list":{"0":"post-31124","1":"product","2":"type-product","3":"status-publish","4":"has-post-thumbnail","6":"product_cat-jooginoud","7":"product_cat-veepudelid","8":"product_tag-more-colors","9":"pa_varv-lilla","10":"pa_varv-must","11":"pa_varv-roheline","12":"pa_varv-sinine","13":"pa_varv-valge-new","15":"first","16":"instock","17":"taxable","18":"shipping-taxable","19":"purchasable","20":"product-type-variable","21":"has-default-attributes"},"acf":[],"_links":{"self":[{"href":"https:\/\/fifaa.ee\/en\/wp-json\/wp\/v2\/product\/31124","targetHints":{"allow":["GET"]}}],"collection":[{"href":"https:\/\/fifaa.ee\/en\/wp-json\/wp\/v2\/product"}],"about":[{"href":"https:\/\/fifaa.ee\/en\/wp-json\/wp\/v2\/types\/product"}],"wp:featuredmedia":[{"embeddable":true,"href":"https:\/\/fifaa.ee\/en\/wp-json\/wp\/v2\/media\/31165"}],"wp:attachment":[{"href":"https:\/\/fifaa.ee\/en\/wp-json\/wp\/v2\/media?parent=31124"}],"wp:term":[{"taxonomy":"product_brand","embeddable":true,"href":"https:\/\/fifaa.ee\/en\/wp-json\/wp\/v2\/product_brand?post=31124"},{"taxonomy":"product_cat","embeddable":true,"href":"https:\/\/fifaa.ee\/en\/wp-json\/wp\/v2\/product_cat?post=31124"},{"taxonomy":"product_tag","embeddable":true,"href":"https:\/\/fifaa.ee\/en\/wp-json\/wp\/v2\/product_tag?post=31124"}],"curies":[{"name":"wp","href":"https:\/\/api.w.org\/{rel}","templated":true}]}}