{"id":31167,"date":"2025-01-28T16:14:31","date_gmt":"2025-01-28T14:14:31","guid":{"rendered":"https:\/\/fifaa.ee\/?post_type=product&#038;p=31167"},"modified":"2026-04-01T16:56:23","modified_gmt":"2026-04-01T13:56:23","slug":"avira-alya-rcs-re-steel-trummel-300ml","status":"publish","type":"product","link":"https:\/\/fifaa.ee\/en\/product\/avira-alya-rcs-re-steel-trummel-300ml\/","title":{"rendered":"Avira Alya RCS Re-steel tumbler 300ML"},"content":{"rendered":"<p>Enhance your daily sipping and reach your hydration goals with our sleek-looking Alya tumbler. The double-walled vacuum-insulated stainless steel body keeps your favorite beverage hot for up to 6 hours and refreshing water cold for up to 8 hours. The base features a non-slip silicone pad. Made from RCS-certified recycled stainless steel. RCS (Recycled Claim Standard) is a standard for verifying a product&#039;s recycled content throughout the supply chain. Total recycled content: 71% of the total weight of the item. BPA free. Capacity 300ml. FSC\u00ae-certified kraft packaging included. Don&#039;t throw away the box, put it in a phone holder, pencil holder or flower pot!<\/p>","protected":false},"excerpt":{"rendered":"<p>T\u00e4iustage oma igap\u00e4evast r\u00fc\u00fcpamist ja saavutage oma h\u00fcdratsioonieesm\u00e4rgid meie elegantse v\u00e4limusega Alya trumliga. Kahekordse seinaga vaakumisolatsiooniga roostevabast terasest korpus hoiab teie lemmikjoogi soojana kuni 6 tundi ja v\u00e4rskendava vee jahutatuna kuni 8 tundi. P\u00f5hjal on libisemisvastane silikoonpadi. Valmistatud RCS-sertifikaadiga taaskasutatud roostevabast terasest. RCS (Recycled Claim Standard) on standard toote ringlussev\u00f5etud sisu kontrollimiseks kogu tarneahelas. Taaskasutatud [&hellip;]<\/p>\n","protected":false},"featured_media":31200,"template":"","meta":{"_acf_changed":false},"product_brand":[],"product_cat":[566,599],"product_tag":[659],"class_list":{"0":"post-31167","1":"product","2":"type-product","3":"status-publish","4":"has-post-thumbnail","6":"product_cat-jooginoud","7":"product_cat-tassid","8":"product_tag-more-colors","9":"pa_varv-lilla","10":"pa_varv-must","11":"pa_varv-roheline","12":"pa_varv-sinine","13":"pa_varv-valge-new","15":"first","16":"instock","17":"taxable","18":"shipping-taxable","19":"purchasable","20":"product-type-variable","21":"has-default-attributes"},"acf":[],"_links":{"self":[{"href":"https:\/\/fifaa.ee\/en\/wp-json\/wp\/v2\/product\/31167","targetHints":{"allow":["GET"]}}],"collection":[{"href":"https:\/\/fifaa.ee\/en\/wp-json\/wp\/v2\/product"}],"about":[{"href":"https:\/\/fifaa.ee\/en\/wp-json\/wp\/v2\/types\/product"}],"wp:featuredmedia":[{"embeddable":true,"href":"https:\/\/fifaa.ee\/en\/wp-json\/wp\/v2\/media\/31200"}],"wp:attachment":[{"href":"https:\/\/fifaa.ee\/en\/wp-json\/wp\/v2\/media?parent=31167"}],"wp:term":[{"taxonomy":"product_brand","embeddable":true,"href":"https:\/\/fifaa.ee\/en\/wp-json\/wp\/v2\/product_brand?post=31167"},{"taxonomy":"product_cat","embeddable":true,"href":"https:\/\/fifaa.ee\/en\/wp-json\/wp\/v2\/product_cat?post=31167"},{"taxonomy":"product_tag","embeddable":true,"href":"https:\/\/fifaa.ee\/en\/wp-json\/wp\/v2\/product_tag?post=31167"}],"curies":[{"name":"wp","href":"https:\/\/api.w.org\/{rel}","templated":true}]}}