{"id":31168,"date":"2025-01-28T16:14:31","date_gmt":"2025-01-28T14:14:31","guid":{"rendered":"https:\/\/fifaa.ee\/?post_type=product&#038;p=31168"},"modified":"2026-04-01T16:57:11","modified_gmt":"2026-04-01T13:57:11","slug":"avira-atik-rcs-taaskasutatud-pet-pudel-500ml","status":"publish","type":"product","link":"https:\/\/fifaa.ee\/en\/product\/avira-atik-rcs-taaskasutatud-pet-pudel-500ml\/","title":{"rendered":"Avira Atik RCS Recycled PET bottle 500ML"},"content":{"rendered":"<p>The Atik bottle is great if you value lightweight portability and a minimalist design. Perfect for on-the-go hydration. The bottle body is made from 100% RCS certified RPET. RCS certification ensures a fully certified supply chain of recycled materials. Hand wash only. This product is intended for cold drinks only. Total recycled content: 82% of the total weight of the item. BPA free. Capacity 500ml. FSC\u00ae certified kraft packaging included. Use the box as a phone holder, pen holder or flower pot!<\/p>","protected":false},"excerpt":{"rendered":"<p>Atik pudel on suurep\u00e4rane, kui hindate kerget kaasaskantavust ja minimalistlikku disaini. Ideaalne liikvel olles niisutamiseks. Pudeli korpus on valmistatud 100% RCS sertifikaadiga RPET-st. RCS-sertifikaat tagab taaskasutatud materjalide t\u00e4ielikult sertifitseeritud tarneahela. Ainult k\u00e4sipesu. See toode on m\u00f5eldud ainult k\u00fclmade jookide jaoks. Taaskasutatud kogusisaldus: 82% eseme kogukaalust. BPA vaba. Mahutavus 500ml. Kaasa arvatud FSC\u00ae-sertifikaadiga kraftpakendid. Kasutage kasti [&hellip;]<\/p>\n","protected":false},"featured_media":31222,"template":"","meta":{"_acf_changed":false},"product_brand":[],"product_cat":[566,567],"product_tag":[659],"class_list":{"0":"post-31168","1":"product","2":"type-product","3":"status-publish","4":"has-post-thumbnail","6":"product_cat-jooginoud","7":"product_cat-veepudelid","8":"product_tag-more-colors","9":"pa_varv-lilla","10":"pa_varv-must","11":"pa_varv-roheline","12":"pa_varv-sinine","14":"first","15":"instock","16":"taxable","17":"shipping-taxable","18":"purchasable","19":"product-type-variable","20":"has-default-attributes"},"acf":[],"_links":{"self":[{"href":"https:\/\/fifaa.ee\/en\/wp-json\/wp\/v2\/product\/31168","targetHints":{"allow":["GET"]}}],"collection":[{"href":"https:\/\/fifaa.ee\/en\/wp-json\/wp\/v2\/product"}],"about":[{"href":"https:\/\/fifaa.ee\/en\/wp-json\/wp\/v2\/types\/product"}],"wp:featuredmedia":[{"embeddable":true,"href":"https:\/\/fifaa.ee\/en\/wp-json\/wp\/v2\/media\/31222"}],"wp:attachment":[{"href":"https:\/\/fifaa.ee\/en\/wp-json\/wp\/v2\/media?parent=31168"}],"wp:term":[{"taxonomy":"product_brand","embeddable":true,"href":"https:\/\/fifaa.ee\/en\/wp-json\/wp\/v2\/product_brand?post=31168"},{"taxonomy":"product_cat","embeddable":true,"href":"https:\/\/fifaa.ee\/en\/wp-json\/wp\/v2\/product_cat?post=31168"},{"taxonomy":"product_tag","embeddable":true,"href":"https:\/\/fifaa.ee\/en\/wp-json\/wp\/v2\/product_tag?post=31168"}],"curies":[{"name":"wp","href":"https:\/\/api.w.org\/{rel}","templated":true}]}}