{"id":31214,"date":"2025-01-28T16:14:52","date_gmt":"2025-01-28T14:14:52","guid":{"rendered":"https:\/\/fifaa.ee\/?post_type=product&#038;p=31214"},"modified":"2026-04-01T16:58:26","modified_gmt":"2026-04-01T13:58:26","slug":"avira-alcor-rcs-re-steel-uhe-seinaga-veepudel-600-ml","status":"publish","type":"product","link":"https:\/\/fifaa.ee\/en\/product\/avira-alcor-rcs-re-steel-uhe-seinaga-veepudel-600-ml\/","title":{"rendered":"Avira Alcor RCS Re-steel single wall water bottle 600 ML"},"content":{"rendered":"<p>The Avira Alcor RCS Certified Recycled Stainless Steel Water Bottle is a reliable choice for staying hydrated on the go. The water bottle helps reduce your environmental impact while ensuring long-lasting use. Its single-wall construction makes it lightweight and easy to carry, and the leak-proof lid keeps your drink safe on the go. Made from RCS (Recycled Claim Standard) certified recycled materials. RCS certification ensures a fully certified supply chain for recycled materials. Total recycled content: 75% of the total weight of the item. Capacity 600ml. FSC\u00ae-certified kraft packaging included. Use the box as a phone holder, pen holder or flower pot!<\/p>","protected":false},"excerpt":{"rendered":"<p>Avira Alcor RCS sertifitseeritud ringlussev\u00f5etud roostevabast terasest veepudel on usaldusv\u00e4\u00e4rne valik liikvel olles vedelikuna p\u00fcsimiseks. Veepudel aitab v\u00e4hendada teie keskkonnam\u00f5ju, tagades samas pikaajalise kasutuse. Selle \u00fche seina konstruktsioon tagab selle kerge ja h\u00f5lpsa kaasaskandmise ning lekkekindel kaas hoiab teie joogi turvalisena liikvel olles. Valmistatud RCS (Recycled Claim Standard) sertifitseeritud taaskasutatud materjalidest. RCS-sertifikaat tagab taaskasutatud materjalide [&hellip;]<\/p>\n","protected":false},"featured_media":31252,"template":"","meta":{"_acf_changed":false},"product_brand":[],"product_cat":[566,567],"product_tag":[659],"class_list":{"0":"post-31214","1":"product","2":"type-product","3":"status-publish","4":"has-post-thumbnail","6":"product_cat-jooginoud","7":"product_cat-veepudelid","8":"product_tag-more-colors","9":"pa_varv-must","10":"pa_varv-sinine","11":"pa_varv-valge-new","13":"first","14":"instock","15":"taxable","16":"shipping-taxable","17":"purchasable","18":"product-type-variable","19":"has-default-attributes"},"acf":[],"_links":{"self":[{"href":"https:\/\/fifaa.ee\/en\/wp-json\/wp\/v2\/product\/31214","targetHints":{"allow":["GET"]}}],"collection":[{"href":"https:\/\/fifaa.ee\/en\/wp-json\/wp\/v2\/product"}],"about":[{"href":"https:\/\/fifaa.ee\/en\/wp-json\/wp\/v2\/types\/product"}],"wp:featuredmedia":[{"embeddable":true,"href":"https:\/\/fifaa.ee\/en\/wp-json\/wp\/v2\/media\/31252"}],"wp:attachment":[{"href":"https:\/\/fifaa.ee\/en\/wp-json\/wp\/v2\/media?parent=31214"}],"wp:term":[{"taxonomy":"product_brand","embeddable":true,"href":"https:\/\/fifaa.ee\/en\/wp-json\/wp\/v2\/product_brand?post=31214"},{"taxonomy":"product_cat","embeddable":true,"href":"https:\/\/fifaa.ee\/en\/wp-json\/wp\/v2\/product_cat?post=31214"},{"taxonomy":"product_tag","embeddable":true,"href":"https:\/\/fifaa.ee\/en\/wp-json\/wp\/v2\/product_tag?post=31214"}],"curies":[{"name":"wp","href":"https:\/\/api.w.org\/{rel}","templated":true}]}}