{"id":31215,"date":"2025-01-28T16:14:52","date_gmt":"2025-01-28T14:14:52","guid":{"rendered":"https:\/\/fifaa.ee\/?post_type=product&#038;p=31215"},"modified":"2026-04-01T16:58:26","modified_gmt":"2026-04-01T13:58:26","slug":"avira-atlas-rcs-taaskasutatud-pp-700ml-lounakarp","status":"publish","type":"product","link":"https:\/\/fifaa.ee\/en\/product\/avira-atlas-rcs-taaskasutatud-pp-700ml-lounakarp\/","title":{"rendered":"Avira Atlas RCS recycled PP 700ML lunchbox"},"content":{"rendered":"<p>Introducing the Atlas RCS Recycled Plastic Lunch Box \u2013 lower impact, 700ml capacity, perfect for on the go! Start eating from lower impact lunch boxes today. It\u2019s made from RCS (Recycled Claim Standard) certified recycled materials, ensuring a fully certified supply chain of recycled materials. With 62% of total recycled content by weight of the item, it\u2019s eco-friendly and BPA-free. Including FSC\u00ae certified kraft packaging, you can even reuse the box as a phone holder, pen holder or flower pot!<\/p>","protected":false},"excerpt":{"rendered":"<p>Tutvustame Atlas RCS taaskasutatud plastist l\u00f5unakarpi \u2013 madalam m\u00f5ju, 700 ml mahutavus, ideaalne liikvel olles! Alustage s\u00f6\u00f6mist v\u00e4iksema m\u00f5juga l\u00f5unakarpidest juba t\u00e4na. See on valmistatud RCS-i (Recycled Claim Standard) sertifitseeritud ringlussev\u00f5etud materjalidest, tagades ringlussev\u00f5etud materjalide t\u00e4ielikult sertifitseeritud tarneahela. Taaskasutatud kogusisaldusega 62% eseme kogukaalust on see keskkonnas\u00f5bralik ja BPA-vaba. Kaasa arvatud FSC\u00ae-sertifikaadiga kraftpakend, saate kasti isegi [&hellip;]<\/p>\n","protected":false},"featured_media":31271,"template":"","meta":{"_acf_changed":false},"product_brand":[],"product_cat":[213,588],"product_tag":[659],"class_list":{"0":"post-31215","1":"product","2":"type-product","3":"status-publish","4":"has-post-thumbnail","6":"product_cat-kodu","7":"product_cat-lounakarbid-ja-termosed","8":"product_tag-more-colors","9":"pa_varv-must","10":"pa_varv-valge-new","12":"first","13":"instock","14":"taxable","15":"shipping-taxable","16":"purchasable","17":"product-type-variable","18":"has-default-attributes"},"acf":[],"_links":{"self":[{"href":"https:\/\/fifaa.ee\/en\/wp-json\/wp\/v2\/product\/31215","targetHints":{"allow":["GET"]}}],"collection":[{"href":"https:\/\/fifaa.ee\/en\/wp-json\/wp\/v2\/product"}],"about":[{"href":"https:\/\/fifaa.ee\/en\/wp-json\/wp\/v2\/types\/product"}],"wp:featuredmedia":[{"embeddable":true,"href":"https:\/\/fifaa.ee\/en\/wp-json\/wp\/v2\/media\/31271"}],"wp:attachment":[{"href":"https:\/\/fifaa.ee\/en\/wp-json\/wp\/v2\/media?parent=31215"}],"wp:term":[{"taxonomy":"product_brand","embeddable":true,"href":"https:\/\/fifaa.ee\/en\/wp-json\/wp\/v2\/product_brand?post=31215"},{"taxonomy":"product_cat","embeddable":true,"href":"https:\/\/fifaa.ee\/en\/wp-json\/wp\/v2\/product_cat?post=31215"},{"taxonomy":"product_tag","embeddable":true,"href":"https:\/\/fifaa.ee\/en\/wp-json\/wp\/v2\/product_tag?post=31215"}],"curies":[{"name":"wp","href":"https:\/\/api.w.org\/{rel}","templated":true}]}}