{"id":31258,"date":"2025-01-28T16:15:13","date_gmt":"2025-01-28T14:15:13","guid":{"rendered":"https:\/\/fifaa.ee\/?post_type=product&#038;p=31258"},"modified":"2026-04-01T16:58:53","modified_gmt":"2026-04-01T13:58:53","slug":"avira-ara-rcs-re-steel-klappkaanega-veepudel-500ml","status":"publish","type":"product","link":"https:\/\/fifaa.ee\/en\/product\/avira-ara-rcs-re-steel-klappkaanega-veepudel-500ml\/","title":{"rendered":"Avira Ara RCS Re-steel fliptop water bottle 500ml"},"content":{"rendered":"<p>The Ara RCS Recycled Stainless Steel Vacuum Bottle features an innovative flip lid and straw, making it ideal for sports or on the go. Its double-walled recycled stainless steel construction keeps your water cold for up to 20 hours. This bottle fits most standard car cup holders, allowing you to take it with you wherever you go. It is made from RCS (Recycled Claim Standard) certified recycled materials, ensuring a fully certified supply chain of recycled materials. With 96% of the total weight of the item recycled, it is environmentally friendly and BPA-free. With a 500ml capacity and FSC\u00ae-certified kraft packaging, you can even reuse the box as a phone holder, pen holder or flower pot!<\/p>","protected":false},"excerpt":{"rendered":"<p>Ara RCS taaskasutatud roostevabast terasest vaakumpudelil on uuenduslik klappkaane ja k\u00f5rs, mist\u00f5ttu on see ideaalne sportimiseks v\u00f5i liikvel olles. Selle ringlussev\u00f5etud roostevabast terasest topeltseinaga konstruktsioon hoiab teie vee jahedana kuni 20 tundi. See pudel sobib enamiku standardsete autotopsihoidjatega, mis v\u00f5imaldab teil seda k\u00f5ikjale kaasa v\u00f5tta. See on valmistatud RCS-i (Recycled Claim Standard) sertifitseeritud ringlussev\u00f5etud materjalidest, [&hellip;]<\/p>\n","protected":false},"featured_media":31275,"template":"","meta":{"_acf_changed":false},"product_brand":[],"product_cat":[566,567],"product_tag":[659],"class_list":{"0":"post-31258","1":"product","2":"type-product","3":"status-publish","4":"has-post-thumbnail","6":"product_cat-jooginoud","7":"product_cat-veepudelid","8":"product_tag-more-colors","9":"pa_varv-must","10":"pa_varv-sinine","11":"pa_varv-valge-new","13":"first","14":"instock","15":"taxable","16":"shipping-taxable","17":"purchasable","18":"product-type-variable","19":"has-default-attributes"},"acf":[],"_links":{"self":[{"href":"https:\/\/fifaa.ee\/en\/wp-json\/wp\/v2\/product\/31258","targetHints":{"allow":["GET"]}}],"collection":[{"href":"https:\/\/fifaa.ee\/en\/wp-json\/wp\/v2\/product"}],"about":[{"href":"https:\/\/fifaa.ee\/en\/wp-json\/wp\/v2\/types\/product"}],"wp:featuredmedia":[{"embeddable":true,"href":"https:\/\/fifaa.ee\/en\/wp-json\/wp\/v2\/media\/31275"}],"wp:attachment":[{"href":"https:\/\/fifaa.ee\/en\/wp-json\/wp\/v2\/media?parent=31258"}],"wp:term":[{"taxonomy":"product_brand","embeddable":true,"href":"https:\/\/fifaa.ee\/en\/wp-json\/wp\/v2\/product_brand?post=31258"},{"taxonomy":"product_cat","embeddable":true,"href":"https:\/\/fifaa.ee\/en\/wp-json\/wp\/v2\/product_cat?post=31258"},{"taxonomy":"product_tag","embeddable":true,"href":"https:\/\/fifaa.ee\/en\/wp-json\/wp\/v2\/product_tag?post=31258"}],"curies":[{"name":"wp","href":"https:\/\/api.w.org\/{rel}","templated":true}]}}