{"id":31259,"date":"2025-01-28T16:15:13","date_gmt":"2025-01-28T14:15:13","guid":{"rendered":"https:\/\/fifaa.ee\/?post_type=product&#038;p=31259"},"modified":"2026-04-01T16:59:25","modified_gmt":"2026-04-01T13:59:25","slug":"mustblumi-roostevabast-terasest-suur-soogikarp","status":"publish","type":"product","link":"https:\/\/fifaa.ee\/en\/product\/mustblumi-roostevabast-terasest-suur-soogikarp\/","title":{"rendered":"Black+Blum Stainless Steel Lunch Box Large"},"content":{"rendered":"<p>The first truly leak-proof stainless steel lunch box. This is a 3-in-1 multi-functional lunch box that lets you transport your lunch, cook in the oven, and even store pre-cooked meals in the freezer. Made from durable stainless steel, this design is perfect for carrying your culinary creations in style. It&#039;s reminiscent of a vintage military or camping canteen, but has a modern minimal feel that will age beautifully. A silicone valve creates a secure vacuum seal, a slider divider allows for easy separation of contents, and a fork + holder are included for convenience. Dishwasher safe base + fork. Lid and strap are hand washable only<\/p>","protected":false},"excerpt":{"rendered":"<p>Esimene t\u00f5eliselt lekkekindel roostevabast terasest l\u00f5unakarp. See on 3-\u00fches multifunktsionaalne l\u00f5unas\u00f6\u00f6gikarp, mis v\u00f5imaldab teil l\u00f5unas\u00f6\u00f6ki transportida, ahjus roogasid valmistada ja isegi eelk\u00fcpsetatud toite s\u00fcgavk\u00fclmikus hoida. See vastupidavast roostevabast terasest valmistatud disain sobib suurep\u00e4raselt teie kulinaarse loomingu stiilseks kandmiseks. See meenutab vanaaegset s\u00f5jav\u00e4ge v\u00f5i k\u00e4mpingus\u00f6\u00f6klat, kuid sellel on kaasaegne minimaalne tunne, mis vananeb kaunilt. Silikoonklapp loob [&hellip;]<\/p>\n","protected":false},"featured_media":31283,"template":"","meta":{"_acf_changed":false},"product_brand":[],"product_cat":[213,588],"product_tag":[],"class_list":{"0":"post-31259","1":"product","2":"type-product","3":"status-publish","4":"has-post-thumbnail","6":"product_cat-kodu","7":"product_cat-lounakarbid-ja-termosed","9":"first","10":"instock","11":"taxable","12":"shipping-taxable","13":"purchasable","14":"product-type-variable","15":"has-default-attributes"},"acf":[],"_links":{"self":[{"href":"https:\/\/fifaa.ee\/en\/wp-json\/wp\/v2\/product\/31259","targetHints":{"allow":["GET"]}}],"collection":[{"href":"https:\/\/fifaa.ee\/en\/wp-json\/wp\/v2\/product"}],"about":[{"href":"https:\/\/fifaa.ee\/en\/wp-json\/wp\/v2\/types\/product"}],"wp:featuredmedia":[{"embeddable":true,"href":"https:\/\/fifaa.ee\/en\/wp-json\/wp\/v2\/media\/31283"}],"wp:attachment":[{"href":"https:\/\/fifaa.ee\/en\/wp-json\/wp\/v2\/media?parent=31259"}],"wp:term":[{"taxonomy":"product_brand","embeddable":true,"href":"https:\/\/fifaa.ee\/en\/wp-json\/wp\/v2\/product_brand?post=31259"},{"taxonomy":"product_cat","embeddable":true,"href":"https:\/\/fifaa.ee\/en\/wp-json\/wp\/v2\/product_cat?post=31259"},{"taxonomy":"product_tag","embeddable":true,"href":"https:\/\/fifaa.ee\/en\/wp-json\/wp\/v2\/product_tag?post=31259"}],"curies":[{"name":"wp","href":"https:\/\/api.w.org\/{rel}","templated":true}]}}