{"id":31262,"date":"2025-01-28T16:15:13","date_gmt":"2025-01-28T14:15:13","guid":{"rendered":"https:\/\/fifaa.ee\/?post_type=product&#038;p=31262"},"modified":"2026-04-01T17:00:01","modified_gmt":"2026-04-01T14:00:01","slug":"mustblumi-lounapott-originaal","status":"publish","type":"product","link":"https:\/\/fifaa.ee\/en\/product\/mustblumi-lounapott-originaal\/","title":{"rendered":"Black+Blum Lunch Pot Original"},"content":{"rendered":"<p>Inspired by Indian tiffin carriers, the lunch pot is slimmer and taller, making it compact and easy to put in a bag. The Lunch Pot Original consists of two waterproof pots that can be locked together for carrying. The pots have a convenient silicone carrying strap that also fits a stainless steel \u201cspork\u201d (spoon and fork). Separate everything from yogurt and fruit to noodles and soup. When you\u2019re done, the smaller pot fits inside the larger pot for easy storage. Microwave and dishwasher safe, except for tritan lids.<\/p>","protected":false},"excerpt":{"rendered":"<p>India tiffin-kandjatest inspireeritud l\u00f5unapott on \u00f5hem ja k\u00f5rgem, mist\u00f5ttu on see kompaktne ja lihtne kotti panna. Lunch Pot Original koosneb kahest veekindlast potist, mida saab kandmiseks kokku lukustada. Pottidel on mugav silikoonist kanderihm, kuhu mahub ka roostevabast terasest \u201cspork\u201d (lusikas ja kahvel). Eraldage k\u00f5ik alates jogurtist ja puuviljadest kuni nuudlite ja supini. Kui olete l\u00f5petanud, [&hellip;]<\/p>\n","protected":false},"featured_media":31289,"template":"","meta":{"_acf_changed":false},"product_brand":[],"product_cat":[213,588],"product_tag":[],"class_list":{"0":"post-31262","1":"product","2":"type-product","3":"status-publish","4":"has-post-thumbnail","6":"product_cat-kodu","7":"product_cat-lounakarbid-ja-termosed","9":"first","10":"instock","11":"taxable","12":"shipping-taxable","13":"purchasable","14":"product-type-variable","15":"has-default-attributes"},"acf":[],"_links":{"self":[{"href":"https:\/\/fifaa.ee\/en\/wp-json\/wp\/v2\/product\/31262","targetHints":{"allow":["GET"]}}],"collection":[{"href":"https:\/\/fifaa.ee\/en\/wp-json\/wp\/v2\/product"}],"about":[{"href":"https:\/\/fifaa.ee\/en\/wp-json\/wp\/v2\/types\/product"}],"wp:featuredmedia":[{"embeddable":true,"href":"https:\/\/fifaa.ee\/en\/wp-json\/wp\/v2\/media\/31289"}],"wp:attachment":[{"href":"https:\/\/fifaa.ee\/en\/wp-json\/wp\/v2\/media?parent=31262"}],"wp:term":[{"taxonomy":"product_brand","embeddable":true,"href":"https:\/\/fifaa.ee\/en\/wp-json\/wp\/v2\/product_brand?post=31262"},{"taxonomy":"product_cat","embeddable":true,"href":"https:\/\/fifaa.ee\/en\/wp-json\/wp\/v2\/product_cat?post=31262"},{"taxonomy":"product_tag","embeddable":true,"href":"https:\/\/fifaa.ee\/en\/wp-json\/wp\/v2\/product_tag?post=31262"}],"curies":[{"name":"wp","href":"https:\/\/api.w.org\/{rel}","templated":true}]}}