{"id":31263,"date":"2025-01-28T16:15:13","date_gmt":"2025-01-28T14:15:13","guid":{"rendered":"https:\/\/fifaa.ee\/?post_type=product&#038;p=31263"},"modified":"2026-04-01T17:00:30","modified_gmt":"2026-04-01T14:00:30","slug":"blackblum-klaasist-lounakauss-750ml","status":"publish","type":"product","link":"https:\/\/fifaa.ee\/en\/product\/blackblum-klaasist-lounakauss-750ml\/","title":{"rendered":"Black+Blum Glass Lunch Bowl 750ml"},"content":{"rendered":"<p>Our new leak-proof and lightweight glass lunch box comes in three sizes and two colors, almond or slate. The silicone lid prevents splashing in the microwave and the base is made of durable polypropylene combined with sustainably sourced wood fiber, which protects the glass bowl and makes it easy to hold after microwave cooking. The stainless steel lid screws onto the base for a leak-proof seal. Dishwasher safe<\/p>","protected":false},"excerpt":{"rendered":"<p>Meie uus lekkekindel ja kerge klaasist l\u00f5unas\u00f6\u00f6k on kolmes suuruses ja kahes v\u00e4rvitoonis, mandli v\u00f5i kiltkivi. Silikoonkaas hoiab \u00e4ra pritsimise mikrolaineahjus ja alusanum on valmistatud vastupidavast pol\u00fcprop\u00fcleenist, mis on kombineeritud s\u00e4\u00e4stva p\u00e4ritoluga puidukiuga, mis kaitseb klaaskaussi ja muudab selle p\u00e4rast mikrolaineahju k\u00fcpsetamist h\u00f5lpsasti k\u00e4es. Roostevabast terasest kaas kruvitakse aluse k\u00fclge, et tagada lekkekindel tihend. N\u00f5udepesumasinas [&hellip;]<\/p>\n","protected":false},"featured_media":31291,"template":"","meta":{"_acf_changed":false},"product_brand":[],"product_cat":[213,588],"product_tag":[],"class_list":{"0":"post-31263","1":"product","2":"type-product","3":"status-publish","4":"has-post-thumbnail","6":"product_cat-kodu","7":"product_cat-lounakarbid-ja-termosed","9":"first","10":"instock","11":"taxable","12":"shipping-taxable","13":"purchasable","14":"product-type-variable","15":"has-default-attributes"},"acf":[],"_links":{"self":[{"href":"https:\/\/fifaa.ee\/en\/wp-json\/wp\/v2\/product\/31263","targetHints":{"allow":["GET"]}}],"collection":[{"href":"https:\/\/fifaa.ee\/en\/wp-json\/wp\/v2\/product"}],"about":[{"href":"https:\/\/fifaa.ee\/en\/wp-json\/wp\/v2\/types\/product"}],"wp:featuredmedia":[{"embeddable":true,"href":"https:\/\/fifaa.ee\/en\/wp-json\/wp\/v2\/media\/31291"}],"wp:attachment":[{"href":"https:\/\/fifaa.ee\/en\/wp-json\/wp\/v2\/media?parent=31263"}],"wp:term":[{"taxonomy":"product_brand","embeddable":true,"href":"https:\/\/fifaa.ee\/en\/wp-json\/wp\/v2\/product_brand?post=31263"},{"taxonomy":"product_cat","embeddable":true,"href":"https:\/\/fifaa.ee\/en\/wp-json\/wp\/v2\/product_cat?post=31263"},{"taxonomy":"product_tag","embeddable":true,"href":"https:\/\/fifaa.ee\/en\/wp-json\/wp\/v2\/product_tag?post=31263"}],"curies":[{"name":"wp","href":"https:\/\/api.w.org\/{rel}","templated":true}]}}