{"id":31305,"date":"2025-01-28T16:15:32","date_gmt":"2025-01-28T14:15:32","guid":{"rendered":"https:\/\/fifaa.ee\/?post_type=product&#038;p=31305"},"modified":"2026-04-01T17:01:30","modified_gmt":"2026-04-01T14:01:30","slug":"blackblum-explorer-isoleerpudel-suur-850ml","status":"publish","type":"product","link":"https:\/\/fifaa.ee\/en\/product\/blackblum-explorer-isoleerpudel-suur-850ml\/","title":{"rendered":"Black+Blum Explorer Insulated Bottle Large 850ml"},"content":{"rendered":"<p>It&#039;s all in the name, these products are built for adventure. We wanted to create something that was a step above our other steel bottles to handle the toughest environments. Fully insulated to keep drinks hot or cold for hours, comes in two larger sizes. The smooth rim with internal thread makes staying hydrated a dream and as always, the 100% lid is leak proof. This bottle is truly at home outdoors and will last a lifetime. Hand wash only<\/p>","protected":false},"excerpt":{"rendered":"<p>K\u00f5ik on nimes, need tooted on loodud seiklusteks. Tahtsime luua midagi, mis oleks sammu v\u00f5rra k\u00f5rgem meie teistest teraspudelitest, et tulla toime k\u00f5ige raskemates keskkondades. T\u00e4ielikult isoleeritud, et hoida jooke tundideks kuumana v\u00f5i k\u00fclmana, on saadaval kahes suuremas suuruses. Sisekeermega sile \u00e4\u00e4r muudab h\u00fcdreeritud p\u00fcsimise unistuseks ja nagu alati, on kaas 100% lekkekindel. See pudel [&hellip;]<\/p>\n","protected":false},"featured_media":31315,"template":"","meta":{"_acf_changed":false},"product_brand":[],"product_cat":[566,629],"product_tag":[],"class_list":{"0":"post-31305","1":"product","2":"type-product","3":"status-publish","4":"has-post-thumbnail","6":"product_cat-jooginoud","7":"product_cat-termoskruusid","9":"first","10":"instock","11":"taxable","12":"shipping-taxable","13":"purchasable","14":"product-type-variable","15":"has-default-attributes"},"acf":[],"_links":{"self":[{"href":"https:\/\/fifaa.ee\/en\/wp-json\/wp\/v2\/product\/31305","targetHints":{"allow":["GET"]}}],"collection":[{"href":"https:\/\/fifaa.ee\/en\/wp-json\/wp\/v2\/product"}],"about":[{"href":"https:\/\/fifaa.ee\/en\/wp-json\/wp\/v2\/types\/product"}],"wp:featuredmedia":[{"embeddable":true,"href":"https:\/\/fifaa.ee\/en\/wp-json\/wp\/v2\/media\/31315"}],"wp:attachment":[{"href":"https:\/\/fifaa.ee\/en\/wp-json\/wp\/v2\/media?parent=31305"}],"wp:term":[{"taxonomy":"product_brand","embeddable":true,"href":"https:\/\/fifaa.ee\/en\/wp-json\/wp\/v2\/product_brand?post=31305"},{"taxonomy":"product_cat","embeddable":true,"href":"https:\/\/fifaa.ee\/en\/wp-json\/wp\/v2\/product_cat?post=31305"},{"taxonomy":"product_tag","embeddable":true,"href":"https:\/\/fifaa.ee\/en\/wp-json\/wp\/v2\/product_tag?post=31305"}],"curies":[{"name":"wp","href":"https:\/\/api.w.org\/{rel}","templated":true}]}}