{"id":31306,"date":"2025-01-28T16:15:32","date_gmt":"2025-01-28T14:15:32","guid":{"rendered":"https:\/\/fifaa.ee\/?post_type=product&#038;p=31306"},"modified":"2026-04-01T17:01:30","modified_gmt":"2026-04-01T14:01:30","slug":"blackblum-isoleeritud-reisikumm-600ml","status":"publish","type":"product","link":"https:\/\/fifaa.ee\/en\/product\/blackblum-isoleeritud-reisikumm-600ml\/","title":{"rendered":"Black+Blum Insulated Travel Tumbler 600ml"},"content":{"rendered":"<p>Made from high-quality double-walled stainless steel, it&#039;s perfect for whatever you brew. Coffee, beer, cocktails or tea, it keeps drinks hot for up to 5 hours or cold for up to 8 hours. The lid is 100% leak-proof and opens with one hand - perfect for versatile use when you&#039;re out and about. Lockable lid and easy to remove for cleaning. This is a no-nonsense, built-to-last tumbler that&#039;s designed to work and last a lifetime. Hand wash only<\/p>","protected":false},"excerpt":{"rendered":"<p>Kvaliteetsest topeltseinaga roostevabast terasest valmistatud see sobib ideaalselt k\u00f5igeks, mida pruulite. Kohv, \u00f5lu, kokteilid v\u00f5i tee hoiavad joogid kuumana kuni 5 tundi v\u00f5i k\u00fclmana kuni 8 tundi. Kaas on 100% lekkekindel ja avaneb \u00fche k\u00e4ega \u2013 ideaalne mitmek\u00fclgseks t\u00f6\u00f6ks, kui olete v\u00e4ljas. Lukustatav kaas ja puhastamiseks lihtne lahti v\u00f5tta. See on m\u00f5ttetu, kestma ehitatud trummel, [&hellip;]<\/p>\n","protected":false},"featured_media":31317,"template":"","meta":{"_acf_changed":false},"product_brand":[],"product_cat":[566,599],"product_tag":[],"class_list":{"0":"post-31306","1":"product","2":"type-product","3":"status-publish","4":"has-post-thumbnail","6":"product_cat-jooginoud","7":"product_cat-tassid","9":"first","10":"instock","11":"taxable","12":"shipping-taxable","13":"purchasable","14":"product-type-variable","15":"has-default-attributes"},"acf":[],"_links":{"self":[{"href":"https:\/\/fifaa.ee\/en\/wp-json\/wp\/v2\/product\/31306","targetHints":{"allow":["GET"]}}],"collection":[{"href":"https:\/\/fifaa.ee\/en\/wp-json\/wp\/v2\/product"}],"about":[{"href":"https:\/\/fifaa.ee\/en\/wp-json\/wp\/v2\/types\/product"}],"wp:featuredmedia":[{"embeddable":true,"href":"https:\/\/fifaa.ee\/en\/wp-json\/wp\/v2\/media\/31317"}],"wp:attachment":[{"href":"https:\/\/fifaa.ee\/en\/wp-json\/wp\/v2\/media?parent=31306"}],"wp:term":[{"taxonomy":"product_brand","embeddable":true,"href":"https:\/\/fifaa.ee\/en\/wp-json\/wp\/v2\/product_brand?post=31306"},{"taxonomy":"product_cat","embeddable":true,"href":"https:\/\/fifaa.ee\/en\/wp-json\/wp\/v2\/product_cat?post=31306"},{"taxonomy":"product_tag","embeddable":true,"href":"https:\/\/fifaa.ee\/en\/wp-json\/wp\/v2\/product_tag?post=31306"}],"curies":[{"name":"wp","href":"https:\/\/api.w.org\/{rel}","templated":true}]}}