{"id":31307,"date":"2025-01-28T16:15:32","date_gmt":"2025-01-28T14:15:32","guid":{"rendered":"https:\/\/fifaa.ee\/?post_type=product&#038;p=31307"},"modified":"2026-04-01T17:01:30","modified_gmt":"2026-04-01T14:01:30","slug":"blackblum-isolatsiooniga-lekkekindel-reisitass-roostevabast-terasest","status":"publish","type":"product","link":"https:\/\/fifaa.ee\/en\/product\/blackblum-isolatsiooniga-lekkekindel-reisitass-roostevabast-terasest\/","title":{"rendered":"Black+Blum Insulated Leakproof Travel Cup Stainless Steel"},"content":{"rendered":"<p>Perfect for taking coffee and tea on the go or reducing the number of disposable cups by letting your favorite barista fill it. It keeps your drinks hot for 5 hours and is a pleasure to drink from. The top is 100% leak-proof, lockable and easy to remove for cleaning. This is a no-nonsense, built-to-last travel mug that is designed to work and last you a lifetime. 340ml. Hand wash only<\/p>","protected":false},"excerpt":{"rendered":"<p>Ideaalne liikvel olles kohvi ja tee kaasa v\u00f5tmiseks v\u00f5i \u00fchekordsete \u00fchekordsete tasside v\u00e4hendamiseks, kui annate selle oma lemmikbaristale t\u00e4ita. See hoiab teie joogid kuumana 5 tundi ja seda on r\u00f5\u00f5m juua. Pealmine osa on 100% lekkekindel, lukustatav ja puhastamiseks lihtne lahti v\u00f5tta. See on m\u00f5ttetu, kestma ehitatud reisitass, mis on loodud t\u00f6\u00f6tama ja mis kestab [&hellip;]<\/p>\n","protected":false},"featured_media":31319,"template":"","meta":{"_acf_changed":false},"product_brand":[],"product_cat":[566,599],"product_tag":[],"class_list":{"0":"post-31307","1":"product","2":"type-product","3":"status-publish","4":"has-post-thumbnail","6":"product_cat-jooginoud","7":"product_cat-tassid","8":"pa_varv-hall","10":"first","11":"instock","12":"taxable","13":"shipping-taxable","14":"purchasable","15":"product-type-variable","16":"has-default-attributes"},"acf":[],"_links":{"self":[{"href":"https:\/\/fifaa.ee\/en\/wp-json\/wp\/v2\/product\/31307","targetHints":{"allow":["GET"]}}],"collection":[{"href":"https:\/\/fifaa.ee\/en\/wp-json\/wp\/v2\/product"}],"about":[{"href":"https:\/\/fifaa.ee\/en\/wp-json\/wp\/v2\/types\/product"}],"wp:featuredmedia":[{"embeddable":true,"href":"https:\/\/fifaa.ee\/en\/wp-json\/wp\/v2\/media\/31319"}],"wp:attachment":[{"href":"https:\/\/fifaa.ee\/en\/wp-json\/wp\/v2\/media?parent=31307"}],"wp:term":[{"taxonomy":"product_brand","embeddable":true,"href":"https:\/\/fifaa.ee\/en\/wp-json\/wp\/v2\/product_brand?post=31307"},{"taxonomy":"product_cat","embeddable":true,"href":"https:\/\/fifaa.ee\/en\/wp-json\/wp\/v2\/product_cat?post=31307"},{"taxonomy":"product_tag","embeddable":true,"href":"https:\/\/fifaa.ee\/en\/wp-json\/wp\/v2\/product_tag?post=31307"}],"curies":[{"name":"wp","href":"https:\/\/api.w.org\/{rel}","templated":true}]}}