{"id":31308,"date":"2025-01-28T16:15:32","date_gmt":"2025-01-28T14:15:32","guid":{"rendered":"https:\/\/fifaa.ee\/?post_type=product&#038;p=31308"},"modified":"2026-04-01T17:01:52","modified_gmt":"2026-04-01T14:01:52","slug":"elles-aware-polylana-sall-180x30cm","status":"publish","type":"product","link":"https:\/\/fifaa.ee\/en\/product\/elles-aware-polylana-sall-180x30cm\/","title":{"rendered":"Elles AWARE\u2122 Polylana\u00ae scarf 180x30cm"},"content":{"rendered":"<p>Add style and comfort to your everyday outfits with this beautiful scarf. Perfect for any occasion, whether it&#039;s a day out or a business meeting, this scarf will keep you warm and stylish. Made from Polylana\u00ae, a lower-impact alternative to acrylic fiber that uses less energy and water and is AWARE\u2122 labeled, ensuring genuine recycled materials are used. This scarf is not only fashionable, but also a responsible choice. Measures 180 x 30 cm.<\/p>","protected":false},"excerpt":{"rendered":"<p>Selle kauni salliga lisage oma igap\u00e4evastele riietustele stiili ja mugavust. See sall, mis sobib ideaalselt igaks s\u00fcndmuseks, olgu see siis vaba p\u00e4ev v\u00f5i t\u00f6\u00f6koosolek, hoiab teid soojas ja stiilsena. Valmistatud Polylana\u00ae-st, v\u00e4iksema m\u00f5juga alternatiivist akr\u00fc\u00fclkiule, mis kasutab v\u00e4hem energiat ja vett ning millel on AWARE\u2122 m\u00e4rgistus, mis tagab ehtsate ringlussev\u00f5etud materjalide kasutamise. See sall pole [&hellip;]<\/p>\n","protected":false},"featured_media":31321,"template":"","meta":{"_acf_changed":false},"product_brand":[],"product_cat":[283],"product_tag":[659],"class_list":{"0":"post-31308","1":"product","2":"type-product","3":"status-publish","4":"has-post-thumbnail","6":"product_cat-sall","7":"product_tag-more-colors","8":"pa_varv-hall","9":"pa_varv-must","10":"pa_varv-sinine","12":"first","13":"instock","14":"taxable","15":"shipping-taxable","16":"purchasable","17":"product-type-variable","18":"has-default-attributes"},"acf":[],"_links":{"self":[{"href":"https:\/\/fifaa.ee\/en\/wp-json\/wp\/v2\/product\/31308","targetHints":{"allow":["GET"]}}],"collection":[{"href":"https:\/\/fifaa.ee\/en\/wp-json\/wp\/v2\/product"}],"about":[{"href":"https:\/\/fifaa.ee\/en\/wp-json\/wp\/v2\/types\/product"}],"wp:featuredmedia":[{"embeddable":true,"href":"https:\/\/fifaa.ee\/en\/wp-json\/wp\/v2\/media\/31321"}],"wp:attachment":[{"href":"https:\/\/fifaa.ee\/en\/wp-json\/wp\/v2\/media?parent=31308"}],"wp:term":[{"taxonomy":"product_brand","embeddable":true,"href":"https:\/\/fifaa.ee\/en\/wp-json\/wp\/v2\/product_brand?post=31308"},{"taxonomy":"product_cat","embeddable":true,"href":"https:\/\/fifaa.ee\/en\/wp-json\/wp\/v2\/product_cat?post=31308"},{"taxonomy":"product_tag","embeddable":true,"href":"https:\/\/fifaa.ee\/en\/wp-json\/wp\/v2\/product_tag?post=31308"}],"curies":[{"name":"wp","href":"https:\/\/api.w.org\/{rel}","templated":true}]}}