{"id":31311,"date":"2025-01-28T16:15:32","date_gmt":"2025-01-28T14:15:32","guid":{"rendered":"https:\/\/fifaa.ee\/?post_type=product&#038;p=31311"},"modified":"2026-04-01T17:01:52","modified_gmt":"2026-04-01T14:01:52","slug":"impact-aware-285-gsm-rcanvas-varvimata-uhe-suurusega-koppmuts","status":"publish","type":"product","link":"https:\/\/fifaa.ee\/en\/product\/impact-aware-285-gsm-rcanvas-varvimata-uhe-suurusega-koppmuts\/","title":{"rendered":"Impact Aware\u2122 285 gsm rcanvas one size bucket hat undyed"},"content":{"rendered":"<p>The Impact Aware\u2122 285 gsm canvas bucket hat, undyed, is a timeless bell-shaped model. The bucket hat protects your head from the sun, is comfortable to wear and brightens your outfit. The recycled canvas is undyed and used in its raw form, without the use of dyes or bleaching chemicals. With the AWARE\u2122 label, which confirms the genuine use of recycled materials. 2% of the proceeds from every Impact product sold is donated to Water.org. Composition 70% recycled cotton, 30% recycled polyester. Circumference 58-60cm, fits one size.<\/p>","protected":false},"excerpt":{"rendered":"<p>Impact Aware\u2122 285\u00a0gsm kanvast koppm\u00fcts v\u00e4rvimata on ajatu kellukesekujuline mudel. \u00c4mbrim\u00fcts kaitseb pead p\u00e4ikese eest, on meeldiv kanda ja muudab riietuse s\u00e4ravaks. Taaskasutatud l\u00f5uend on v\u00e4rvimata ja seda kasutatakse toores kujul, ilma v\u00e4rvimise v\u00f5i pleegitamise kemikaalideta. AWARE\u2122 m\u00e4rgistusega, mis kinnitab taaskasutatud materjalide ehtsat kasutamist. 2% iga m\u00fc\u00fcdud Impacti toote tulust annetatakse veebisaidile Water.org. Koostis 70% [&hellip;]<\/p>\n","protected":false},"featured_media":31333,"template":"","meta":{"_acf_changed":false},"product_brand":[],"product_cat":[217],"product_tag":[659],"class_list":{"0":"post-31311","1":"product","2":"type-product","3":"status-publish","4":"has-post-thumbnail","6":"product_cat-mutsid","7":"product_tag-more-colors","8":"pa_varv-hall","9":"pa_varv-must","10":"pa_varv-sinine","11":"pa_varv-valge-new","13":"first","14":"instock","15":"taxable","16":"shipping-taxable","17":"purchasable","18":"product-type-variable","19":"has-default-attributes"},"acf":[],"_links":{"self":[{"href":"https:\/\/fifaa.ee\/en\/wp-json\/wp\/v2\/product\/31311","targetHints":{"allow":["GET"]}}],"collection":[{"href":"https:\/\/fifaa.ee\/en\/wp-json\/wp\/v2\/product"}],"about":[{"href":"https:\/\/fifaa.ee\/en\/wp-json\/wp\/v2\/types\/product"}],"wp:featuredmedia":[{"embeddable":true,"href":"https:\/\/fifaa.ee\/en\/wp-json\/wp\/v2\/media\/31333"}],"wp:attachment":[{"href":"https:\/\/fifaa.ee\/en\/wp-json\/wp\/v2\/media?parent=31311"}],"wp:term":[{"taxonomy":"product_brand","embeddable":true,"href":"https:\/\/fifaa.ee\/en\/wp-json\/wp\/v2\/product_brand?post=31311"},{"taxonomy":"product_cat","embeddable":true,"href":"https:\/\/fifaa.ee\/en\/wp-json\/wp\/v2\/product_cat?post=31311"},{"taxonomy":"product_tag","embeddable":true,"href":"https:\/\/fifaa.ee\/en\/wp-json\/wp\/v2\/product_tag?post=31311"}],"curies":[{"name":"wp","href":"https:\/\/api.w.org\/{rel}","templated":true}]}}