{"id":31355,"date":"2025-01-28T16:15:59","date_gmt":"2025-01-28T14:15:59","guid":{"rendered":"https:\/\/fifaa.ee\/?post_type=product&#038;p=31355"},"modified":"2026-04-01T17:04:33","modified_gmt":"2026-04-01T14:04:33","slug":"impact-6-paneeli-190gr-taaskasutatud-puuvillast-muts-aware-margistusega","status":"publish","type":"product","link":"https:\/\/fifaa.ee\/en\/product\/impact-6-paneeli-190gr-taaskasutatud-puuvillast-muts-aware-margistusega\/","title":{"rendered":"Impact 6 panel 190gr Recycled cotton cap with AWARE\u2122 tracer"},"content":{"rendered":"<p>No greenwashing, just telling a true story of sustainability! This Impact collection is made with the AWARE\u2122 imprint. With AWARE\u2122, AWARE uses disruptive physical imprinting and blockchain technology to ensure the use of genuine recycled fabric materials and water reduction claims. Save water and use genuine recycled fabrics. With a focus on water, 2% of the proceeds from every Impact product sold is donated to Water.org. This cap has saved 328 liters of water. A simple and comfortable cap that fits everyone. This 6-panel cap features a curved visor, embroidered eyelets for ventilation and a velcro fastening. 100% cotton twill made with recycled materials and the AWARE\u2122 label. The material weighs 190 g\/m2. Size 58 cm. Water savings are based on figures compared to conventional fiber. This calculated figure is based on reliable LCA data published by Textile Exchange in its 2016 Material Snapshots.<\/p>","protected":false},"excerpt":{"rendered":"<p>Ei mingit rohepesu, vaid r\u00e4\u00e4gib t\u00f5estis\u00fcndinud lugu j\u00e4tkusuutlikkusest! See Impact kollektsioon on valmistatud AWARE\u2122 j\u00e4ljendajaga. AWARE\u2122 abil on AWARE h\u00e4iriva f\u00fc\u00fcsilise j\u00e4ljendi ja plokiahela tehnoloogia abil tagatud ehtsate ringlussev\u00f5etud kangamaterjalide kasutamine ja vee v\u00e4hendamise v\u00e4ited. S\u00e4\u00e4stke vett ja kasutage ehtsaid taaskasutatud kangaid. Keskendudes veele, annetatakse 2% iga m\u00fc\u00fcdud Impact toote tulust Water.org-ile. See kork on [&hellip;]<\/p>\n","protected":false},"featured_media":31406,"template":"","meta":{"_acf_changed":false},"product_brand":[],"product_cat":[217,218],"product_tag":[659],"class_list":{"0":"post-31355","1":"product","2":"type-product","3":"status-publish","4":"has-post-thumbnail","6":"product_cat-mutsid","7":"product_cat-nokamuts","8":"product_tag-more-colors","9":"pa_varv-kollane","10":"pa_varv-must","11":"pa_varv-punane","12":"pa_varv-roheline","13":"pa_varv-sinine","14":"pa_varv-valge-new","16":"first","17":"instock","18":"taxable","19":"shipping-taxable","20":"purchasable","21":"product-type-variable","22":"has-default-attributes"},"acf":[],"_links":{"self":[{"href":"https:\/\/fifaa.ee\/en\/wp-json\/wp\/v2\/product\/31355","targetHints":{"allow":["GET"]}}],"collection":[{"href":"https:\/\/fifaa.ee\/en\/wp-json\/wp\/v2\/product"}],"about":[{"href":"https:\/\/fifaa.ee\/en\/wp-json\/wp\/v2\/types\/product"}],"wp:featuredmedia":[{"embeddable":true,"href":"https:\/\/fifaa.ee\/en\/wp-json\/wp\/v2\/media\/31406"}],"wp:attachment":[{"href":"https:\/\/fifaa.ee\/en\/wp-json\/wp\/v2\/media?parent=31355"}],"wp:term":[{"taxonomy":"product_brand","embeddable":true,"href":"https:\/\/fifaa.ee\/en\/wp-json\/wp\/v2\/product_brand?post=31355"},{"taxonomy":"product_cat","embeddable":true,"href":"https:\/\/fifaa.ee\/en\/wp-json\/wp\/v2\/product_cat?post=31355"},{"taxonomy":"product_tag","embeddable":true,"href":"https:\/\/fifaa.ee\/en\/wp-json\/wp\/v2\/product_tag?post=31355"}],"curies":[{"name":"wp","href":"https:\/\/api.w.org\/{rel}","templated":true}]}}