{"id":31397,"date":"2025-01-28T16:16:20","date_gmt":"2025-01-28T14:16:20","guid":{"rendered":"https:\/\/fifaa.ee\/?post_type=product&#038;p=31397"},"modified":"2026-04-01T17:05:44","modified_gmt":"2026-04-01T14:05:44","slug":"impact-aware-polylana-nokamuts","status":"publish","type":"product","link":"https:\/\/fifaa.ee\/en\/product\/impact-aware-polylana-nokamuts\/","title":{"rendered":"Impact AWARE\u2122 Polylana\u00ae beanie"},"content":{"rendered":"<p>A classic, stackable beanie that gives you an effortless look and comfortable feel, fits all, and keeps you warm in cold weather. No greenwashing, just telling a true story of sustainability! This Impact collection is made with the AWARE\u2122 Tracer. AWARE\u2122 guarantees the use of genuine sustainable fabric materials and water reduction claims using AWARE\u2019s disruptive physical tracking device and blockchain technology. Save water and use genuine sustainable fabrics. With a focus on water, 2% of the proceeds from every Impact product sold is donated to Water.org. The beanie features a unique Polylana\u00ae yarn. Polylana\u00ae is made from a blend of virgin and recycled materials to create an innovative fiber with properties similar to acrylic or wool. Polylana\u00ae is a low-impact alternative to 100% acrylic that uses less energy and water. One size fits all.<\/p>","protected":false},"excerpt":{"rendered":"<p>Klassikaline kokkupandav nokam\u00fcts, mis annab pingutuseta v\u00e4limuse ja mugava tunde, sobib k\u00f5igile, mis hoiab sind k\u00fclma ilmaga soojas. Ei mingit rohepesu, vaid r\u00e4\u00e4gib t\u00f5estis\u00fcndinud lugu j\u00e4tkusuutlikkusest! See Impact kollektsioon on valmistatud AWARE\u2122 j\u00e4ljendajaga. AWARE\u2122-iga on garanteeritud ehtsate s\u00e4\u00e4stvate kangamaterjalide kasutamine ja vee v\u00e4hendamise v\u00e4ited, kasutades AWARE h\u00e4irivat f\u00fc\u00fcsilist j\u00e4lgimisseadet ja plokiahela tehnoloogiat. S\u00e4\u00e4stke vett ja [&hellip;]<\/p>\n","protected":false},"featured_media":31432,"template":"","meta":{"_acf_changed":false},"product_brand":[],"product_cat":[285,217],"product_tag":[659],"class_list":{"0":"post-31397","1":"product","2":"type-product","3":"status-publish","4":"has-post-thumbnail","6":"product_cat-kootud-muts","7":"product_cat-mutsid","8":"product_tag-more-colors","9":"pa_varv-hall","10":"pa_varv-must","11":"pa_varv-oranz","12":"pa_varv-pruun","13":"pa_varv-punane","14":"pa_varv-roheline","15":"pa_varv-sinine","16":"pa_varv-valge-new","18":"first","19":"instock","20":"taxable","21":"shipping-taxable","22":"purchasable","23":"product-type-variable","24":"has-default-attributes"},"acf":[],"_links":{"self":[{"href":"https:\/\/fifaa.ee\/en\/wp-json\/wp\/v2\/product\/31397","targetHints":{"allow":["GET"]}}],"collection":[{"href":"https:\/\/fifaa.ee\/en\/wp-json\/wp\/v2\/product"}],"about":[{"href":"https:\/\/fifaa.ee\/en\/wp-json\/wp\/v2\/types\/product"}],"wp:featuredmedia":[{"embeddable":true,"href":"https:\/\/fifaa.ee\/en\/wp-json\/wp\/v2\/media\/31432"}],"wp:attachment":[{"href":"https:\/\/fifaa.ee\/en\/wp-json\/wp\/v2\/media?parent=31397"}],"wp:term":[{"taxonomy":"product_brand","embeddable":true,"href":"https:\/\/fifaa.ee\/en\/wp-json\/wp\/v2\/product_brand?post=31397"},{"taxonomy":"product_cat","embeddable":true,"href":"https:\/\/fifaa.ee\/en\/wp-json\/wp\/v2\/product_cat?post=31397"},{"taxonomy":"product_tag","embeddable":true,"href":"https:\/\/fifaa.ee\/en\/wp-json\/wp\/v2\/product_tag?post=31397"}],"curies":[{"name":"wp","href":"https:\/\/api.w.org\/{rel}","templated":true}]}}