{"id":31438,"date":"2025-01-28T16:16:40","date_gmt":"2025-01-28T14:16:40","guid":{"rendered":"https:\/\/fifaa.ee\/?post_type=product&#038;p=31438"},"modified":"2026-04-01T17:06:10","modified_gmt":"2026-04-01T14:06:10","slug":"impact-aware-harjatud-puuvillane-5-paneeliga-veoautokork-190gr","status":"publish","type":"product","link":"https:\/\/fifaa.ee\/en\/product\/impact-aware-harjatud-puuvillane-5-paneeliga-veoautokork-190gr\/","title":{"rendered":"Impact AWARE\u2122 Brushed rcotton 5 panel trucker cap 190gr"},"content":{"rendered":"<p>The trucker hat that was so popular in the 80s is back and looks better than ever. Not only does it look better, it tells a real sustainable story! This 5-panel, curved-visor trucker cap is made from brushed recycled 190-gram cotton with built-in AWARE\u2122 tracking technology. AWARE\u2122 guarantees the use of genuine recycled fabric materials and water reduction claims. Save water and use genuine recycled fabrics. When you choose this product, you save 83 liters of water. With a focus on water, 2% of the proceeds from every Impact product sold is donated to Water.org. The back of the trucker cap is made from recycled mesh and has a hook-and-loop closure. Water savings are based on the numbers compared to conventional fibers. This calculated figure is based on reliable LCA data published by Textile Exchange in its 2016 Material Snapshots.<\/p>","protected":false},"excerpt":{"rendered":"<p>80ndatel v\u00e4ga populaarne rekkamehe m\u00fcts on taas tagasi ja n\u00e4eb v\u00e4lja parem kui kunagi varem. Mitte ainult ei n\u00e4e parem v\u00e4lja, vaid r\u00e4\u00e4gib ka t\u00f5elist j\u00e4tkusuutlikku lugu! See 5-paneeliline kumera visiiriga veoautokork on valmistatud harjatud ringlussev\u00f5etud 190-grammisest puuvillast, mis on sisseehitatud AWARE\u2122-i j\u00e4lgimistehnoloogiaga. AWARE\u2122-iga on garanteeritud ehtsate taaskasutatud kangaste materjalide kasutamine ja vee v\u00e4hendamise v\u00e4ited. [&hellip;]<\/p>\n","protected":false},"featured_media":31464,"template":"","meta":{"_acf_changed":false},"product_brand":[],"product_cat":[217,218],"product_tag":[659],"class_list":{"0":"post-31438","1":"product","2":"type-product","3":"status-publish","4":"has-post-thumbnail","6":"product_cat-mutsid","7":"product_cat-nokamuts","8":"product_tag-more-colors","9":"pa_varv-must","10":"pa_varv-punane","11":"pa_varv-sinine","12":"pa_varv-valge-new","14":"first","15":"instock","16":"taxable","17":"shipping-taxable","18":"purchasable","19":"product-type-variable","20":"has-default-attributes"},"acf":[],"_links":{"self":[{"href":"https:\/\/fifaa.ee\/en\/wp-json\/wp\/v2\/product\/31438","targetHints":{"allow":["GET"]}}],"collection":[{"href":"https:\/\/fifaa.ee\/en\/wp-json\/wp\/v2\/product"}],"about":[{"href":"https:\/\/fifaa.ee\/en\/wp-json\/wp\/v2\/types\/product"}],"wp:featuredmedia":[{"embeddable":true,"href":"https:\/\/fifaa.ee\/en\/wp-json\/wp\/v2\/media\/31464"}],"wp:attachment":[{"href":"https:\/\/fifaa.ee\/en\/wp-json\/wp\/v2\/media?parent=31438"}],"wp:term":[{"taxonomy":"product_brand","embeddable":true,"href":"https:\/\/fifaa.ee\/en\/wp-json\/wp\/v2\/product_brand?post=31438"},{"taxonomy":"product_cat","embeddable":true,"href":"https:\/\/fifaa.ee\/en\/wp-json\/wp\/v2\/product_cat?post=31438"},{"taxonomy":"product_tag","embeddable":true,"href":"https:\/\/fifaa.ee\/en\/wp-json\/wp\/v2\/product_tag?post=31438"}],"curies":[{"name":"wp","href":"https:\/\/api.w.org\/{rel}","templated":true}]}}