{"id":31439,"date":"2025-01-28T16:16:40","date_gmt":"2025-01-28T14:16:40","guid":{"rendered":"https:\/\/fifaa.ee\/?post_type=product&#038;p=31439"},"modified":"2026-04-01T17:06:10","modified_gmt":"2026-04-01T14:06:10","slug":"impact-aware-harjatud-puuvillane-6-paneeli-kontrastkork-280gr","status":"publish","type":"product","link":"https:\/\/fifaa.ee\/en\/product\/impact-aware-harjatud-puuvillane-6-paneeli-kontrastkork-280gr\/","title":{"rendered":"Impact AWARE\u2122 Brushed rcotton 6 panel contrast cap 280gr"},"content":{"rendered":"<p>Tell a true story about sustainability and wear it with pride! This 6-panel contrast peaked cap is made from brushed recycled 280g cotton, integrated with AWARE\u2122 tracking technology. AWARE\u2122 guarantees the use of genuine recycled fabric materials and water reduction claims. Save water and use genuine recycled fabrics. When you choose this product, you save 250 litres of water. Focusing on water, 2% of the proceeds from every Impact product sold is donated to Water.org. The contrast cap features a dark grey cord and velcro closure. Water savings are based on figures compared to conventional fibres. This calculated figure is based on reliable LCA data published by Textile Exchange in its 2016 Material Snapshots.<\/p>","protected":false},"excerpt":{"rendered":"<p>R\u00e4\u00e4kige j\u00e4tkusuutlikkusest t\u00f5estis\u00fcndinud lugu ja kandke seda uhkusega! See 6 paneeliga kontrastne kaarja visiiriga kork on valmistatud harjatud ringlussev\u00f5etud 280 g puuvillast, mis on integreeritud AWARE\u2122 j\u00e4lgimistehnoloogiaga. AWARE\u2122-iga on garanteeritud ehtsate taaskasutatud kangaste materjalide kasutamine ja vee v\u00e4hendamise v\u00e4ited. S\u00e4\u00e4stke vett ja kasutage ehtsaid taaskasutatud kangaid. Kui valite selle toote, s\u00e4\u00e4state 250 liitrit vett. Keskendudes [&hellip;]<\/p>\n","protected":false},"featured_media":31472,"template":"","meta":{"_acf_changed":false},"product_brand":[],"product_cat":[217,218],"product_tag":[659],"class_list":{"0":"post-31439","1":"product","2":"type-product","3":"status-publish","4":"has-post-thumbnail","6":"product_cat-mutsid","7":"product_cat-nokamuts","8":"product_tag-more-colors","9":"pa_varv-must","10":"pa_varv-punane","11":"pa_varv-sinine","12":"pa_varv-valge-new","14":"first","15":"instock","16":"taxable","17":"shipping-taxable","18":"purchasable","19":"product-type-variable","20":"has-default-attributes"},"acf":[],"_links":{"self":[{"href":"https:\/\/fifaa.ee\/en\/wp-json\/wp\/v2\/product\/31439","targetHints":{"allow":["GET"]}}],"collection":[{"href":"https:\/\/fifaa.ee\/en\/wp-json\/wp\/v2\/product"}],"about":[{"href":"https:\/\/fifaa.ee\/en\/wp-json\/wp\/v2\/types\/product"}],"wp:featuredmedia":[{"embeddable":true,"href":"https:\/\/fifaa.ee\/en\/wp-json\/wp\/v2\/media\/31472"}],"wp:attachment":[{"href":"https:\/\/fifaa.ee\/en\/wp-json\/wp\/v2\/media?parent=31439"}],"wp:term":[{"taxonomy":"product_brand","embeddable":true,"href":"https:\/\/fifaa.ee\/en\/wp-json\/wp\/v2\/product_brand?post=31439"},{"taxonomy":"product_cat","embeddable":true,"href":"https:\/\/fifaa.ee\/en\/wp-json\/wp\/v2\/product_cat?post=31439"},{"taxonomy":"product_tag","embeddable":true,"href":"https:\/\/fifaa.ee\/en\/wp-json\/wp\/v2\/product_tag?post=31439"}],"curies":[{"name":"wp","href":"https:\/\/api.w.org\/{rel}","templated":true}]}}