{"id":31440,"date":"2025-01-28T16:16:40","date_gmt":"2025-01-28T14:16:40","guid":{"rendered":"https:\/\/fifaa.ee\/?post_type=product&#038;p=31440"},"modified":"2026-04-01T17:06:36","modified_gmt":"2026-04-01T14:06:36","slug":"impact-aware-klassikaline-polylana-ga-nokamuts","status":"publish","type":"product","link":"https:\/\/fifaa.ee\/en\/product\/impact-aware-klassikaline-polylana-ga-nokamuts\/","title":{"rendered":"Impact AWARE\u2122 classic beanie with Polylana\u00ae"},"content":{"rendered":"<p>This Impact AWARE\u2122 Classic Beanie is the perfect lightweight beanie for everyday wear all year round. Featuring breakthrough recycled Polylana yarn. An innovative blend of recycled and virgin yarns, Polylana fiber uses less energy and water to produce than conventional yarns, yet has all the same properties as an acrylic and polyester blend. The beanie also features AWARE\u2122 tracking technology. With AWARE\u2122, you are guaranteed to use genuine recycled fabric materials and water reduction claims. Save water and use genuine recycled fabrics. When you choose this product, you save 5 liters of water. With a focus on water, 2% of the proceeds from every Impact product sold is donated to Water.org. Water savings are based on numbers compared to conventional fibers. This calculated figure is based on reliable LCA data published by Textile Exchange in its 2016 Material Snapshots.<\/p>","protected":false},"excerpt":{"rendered":"<p>See Impact AWARE\u2122 klassikaline nokam\u00fcts on ideaalne kerge nokam\u00fcts aastaringseks igap\u00e4evaseks kandmiseks. L\u00e4bimurdelise taaskasutatud Polylana l\u00f5ngaga. Uuenduslik segu ringlussev\u00f5etud ja esmasest l\u00f5ngast, Polylana fiber kulutab tootmiseks v\u00e4hem energiat ja vett kui tavaline l\u00f5ng, kuid sellel on k\u00f5ik samad omadused nagu akr\u00fc\u00fcli ja pol\u00fcstri segul. Nokam\u00fctsil on ka AWARE\u2122 j\u00e4lgimistehnoloogia. AWARE\u2122-iga on garanteeritud ehtsate taaskasutatud kangaste [&hellip;]<\/p>\n","protected":false},"featured_media":31487,"template":"","meta":{"_acf_changed":false},"product_brand":[],"product_cat":[285,217],"product_tag":[659],"class_list":{"0":"post-31440","1":"product","2":"type-product","3":"status-publish","4":"has-post-thumbnail","6":"product_cat-kootud-muts","7":"product_cat-mutsid","8":"product_tag-more-colors","9":"pa_varv-hall","10":"pa_varv-must","11":"pa_varv-sinine","13":"first","14":"instock","15":"taxable","16":"shipping-taxable","17":"purchasable","18":"product-type-variable","19":"has-default-attributes"},"acf":[],"_links":{"self":[{"href":"https:\/\/fifaa.ee\/en\/wp-json\/wp\/v2\/product\/31440","targetHints":{"allow":["GET"]}}],"collection":[{"href":"https:\/\/fifaa.ee\/en\/wp-json\/wp\/v2\/product"}],"about":[{"href":"https:\/\/fifaa.ee\/en\/wp-json\/wp\/v2\/types\/product"}],"wp:featuredmedia":[{"embeddable":true,"href":"https:\/\/fifaa.ee\/en\/wp-json\/wp\/v2\/media\/31487"}],"wp:attachment":[{"href":"https:\/\/fifaa.ee\/en\/wp-json\/wp\/v2\/media?parent=31440"}],"wp:term":[{"taxonomy":"product_brand","embeddable":true,"href":"https:\/\/fifaa.ee\/en\/wp-json\/wp\/v2\/product_brand?post=31440"},{"taxonomy":"product_cat","embeddable":true,"href":"https:\/\/fifaa.ee\/en\/wp-json\/wp\/v2\/product_cat?post=31440"},{"taxonomy":"product_tag","embeddable":true,"href":"https:\/\/fifaa.ee\/en\/wp-json\/wp\/v2\/product_tag?post=31440"}],"curies":[{"name":"wp","href":"https:\/\/api.w.org\/{rel}","templated":true}]}}