{"id":31480,"date":"2025-01-28T16:17:11","date_gmt":"2025-01-28T14:17:11","guid":{"rendered":"https:\/\/fifaa.ee\/?post_type=product&#038;p=31480"},"modified":"2026-04-01T17:07:00","modified_gmt":"2026-04-01T14:07:00","slug":"impact-aware-polylana-topeltkootud-nokamuts","status":"publish","type":"product","link":"https:\/\/fifaa.ee\/en\/product\/impact-aware-polylana-topeltkootud-nokamuts\/","title":{"rendered":"Impact AWARE\u2122 Polylana\u00ae double knitted beanie"},"content":{"rendered":"<p>A beautiful two-layer knit beanie that fits everyone. A classic fold-over beanie for an effortless look that keeps you warm on cold days. The beanie features Polylana\u00ae. Polylana\u00ae is a low-impact alternative to 100% acrylic fiber that uses less energy and water. Features the AWARE\u2122 label, which certifies the genuine use of recycled materials. 2% of the proceeds from every Impact product sold is donated to Water.org. One size fits all. Composition: 30% recycled polyester, 30% polyester, 40% acrylic.<\/p>","protected":false},"excerpt":{"rendered":"<p>Kaunis kahekihiline kootud nokam\u00fcts, mis sobib k\u00f5igile. Klassikaline kokkuvolditav nokam\u00fcts annab pingutuseta v\u00e4limuse, mis hoiab sind k\u00fclmadel p\u00e4evadel soojas. Nokam\u00fcts sisaldab Polylana\u00ae. Polylana\u00ae on v\u00e4hese m\u00f5juga alternatiiv 100% akr\u00fc\u00fclkiule, mis kasutab v\u00e4hem energiat ja vett. Sisaldab m\u00e4rgist AWARE\u2122, mis kinnitab taaskasutatud materjalide ehtsat kasutamist. 2% iga m\u00fc\u00fcdud Impacti toote tulust annetatakse veebisaidile Water.org. \u00dcks suurus [&hellip;]<\/p>\n","protected":false},"featured_media":31501,"template":"","meta":{"_acf_changed":false},"product_brand":[],"product_cat":[285,217],"product_tag":[659],"class_list":{"0":"post-31480","1":"product","2":"type-product","3":"status-publish","4":"has-post-thumbnail","6":"product_cat-kootud-muts","7":"product_cat-mutsid","8":"product_tag-more-colors","9":"pa_varv-hall","10":"pa_varv-must","11":"pa_varv-roheline","12":"pa_varv-sinine","14":"first","15":"instock","16":"taxable","17":"shipping-taxable","18":"purchasable","19":"product-type-variable","20":"has-default-attributes"},"acf":[],"_links":{"self":[{"href":"https:\/\/fifaa.ee\/en\/wp-json\/wp\/v2\/product\/31480","targetHints":{"allow":["GET"]}}],"collection":[{"href":"https:\/\/fifaa.ee\/en\/wp-json\/wp\/v2\/product"}],"about":[{"href":"https:\/\/fifaa.ee\/en\/wp-json\/wp\/v2\/types\/product"}],"wp:featuredmedia":[{"embeddable":true,"href":"https:\/\/fifaa.ee\/en\/wp-json\/wp\/v2\/media\/31501"}],"wp:attachment":[{"href":"https:\/\/fifaa.ee\/en\/wp-json\/wp\/v2\/media?parent=31480"}],"wp:term":[{"taxonomy":"product_brand","embeddable":true,"href":"https:\/\/fifaa.ee\/en\/wp-json\/wp\/v2\/product_brand?post=31480"},{"taxonomy":"product_cat","embeddable":true,"href":"https:\/\/fifaa.ee\/en\/wp-json\/wp\/v2\/product_cat?post=31480"},{"taxonomy":"product_tag","embeddable":true,"href":"https:\/\/fifaa.ee\/en\/wp-json\/wp\/v2\/product_tag?post=31480"}],"curies":[{"name":"wp","href":"https:\/\/api.w.org\/{rel}","templated":true}]}}